{"id":637,"date":"2025-07-15T02:22:00","date_gmt":"2025-07-15T02:22:00","guid":{"rendered":"http:\/\/serviagroguatemala.com\/?page_id=637"},"modified":"2025-07-17T01:30:39","modified_gmt":"2025-07-17T01:30:39","slug":"contact","status":"publish","type":"page","link":"http:\/\/serviagroguatemala.com\/?page_id=637","title":{"rendered":"Contact"},"content":{"rendered":"\t\t<div data-elementor-type=\"wp-page\" data-elementor-id=\"637\" class=\"elementor elementor-637\">\n\t\t\t\t<div class=\"has_eae_slider elementor-element elementor-element-1070414 e-flex e-con-boxed e-con e-parent\" data-eae-slider=\"67173\" data-id=\"1070414\" data-element_type=\"container\" data-settings=\"{&quot;background_background&quot;:&quot;classic&quot;}\">\n\t\t\t\t\t<div class=\"e-con-inner\">\n\t\t\t\t<div class=\"elementor-element elementor-element-cbf6bdc premium-nav-hor premium-nav-none premium-ham-dropdown elementor-widget elementor-widget-premium-nav-menu\" data-id=\"cbf6bdc\" data-element_type=\"widget\" data-settings=\"{&quot;submenu_icon&quot;:{&quot;value&quot;:&quot;fas fa-angle-down&quot;,&quot;library&quot;:&quot;fa-solid&quot;},&quot;submenu_item_icon&quot;:{&quot;value&quot;:&quot;&quot;,&quot;library&quot;:&quot;&quot;}}\" data-widget_type=\"premium-nav-menu.default\">\n\t\t\t\t<div class=\"elementor-widget-container\">\n\t\t\t\t\t\t\t\t<div data-settings=\"{&quot;breakpoint&quot;:1024,&quot;mobileLayout&quot;:&quot;dropdown&quot;,&quot;mainLayout&quot;:&quot;hor&quot;,&quot;stretchDropdown&quot;:false,&quot;hoverEffect&quot;:&quot;&quot;,&quot;submenuEvent&quot;:&quot;hover&quot;,&quot;submenuTrigger&quot;:&quot;item&quot;,&quot;closeAfterClick&quot;:false,&quot;renderMobileMenu&quot;:true}\" class=\"premium-nav-widget-container premium-nav-pointer-none\" style=\"visibility:hidden; opacity:0;\">\r\n\t\t\t\t<div class=\"premium-ver-inner-container\">\r\n\t\t\t\t\t\t\t\t\t<div class=\"premium-hamburger-toggle premium-mobile-menu-icon\" role=\"button\" aria-label=\"Toggle Menu\">\r\n\t\t\t\t\t\t<span class=\"premium-toggle-text\">\r\n\t\t\t\t\t\t\t<i aria-hidden=\"true\" class=\"fas fa-bars\"><\/i>Menu\t\t\t\t\t\t<\/span>\r\n\t\t\t\t\t\t<span class=\"premium-toggle-close\">\r\n\t\t\t\t\t\t\t<i aria-hidden=\"true\" class=\"fas fa-times\"><\/i>Close\t\t\t\t\t\t<\/span>\r\n\t\t\t\t\t<\/div>\r\n\t\t\t\t\t\t\t\t\t\t\t\t<div class=\"premium-nav-menu-container premium-nav-default\">\r\n\t\t\t\t\t\t\t\t<ul id=\"menu-menu1\" class=\"premium-nav-menu premium-main-nav-menu\"><li id=\"premium-nav-menu-item-568\" class=\"menu-item menu-item-type-post_type menu-item-object-page menu-item-home premium-nav-menu-item\"><a href=\"http:\/\/serviagroguatemala.com\/\" class=\"premium-menu-link premium-menu-link-parent premium-lq__none\">Inicio<\/a><\/li>\n<li id=\"premium-nav-menu-item-552\" class=\"menu-item menu-item-type-post_type menu-item-object-page premium-nav-menu-item\"><a href=\"http:\/\/serviagroguatemala.com\/?page_id=392\" class=\"premium-menu-link premium-menu-link-parent premium-lq__none\">Nosotros<\/a><\/li>\n<li id=\"premium-nav-menu-item-570\" class=\"menu-item menu-item-type-post_type menu-item-object-page premium-nav-menu-item\"><a href=\"http:\/\/serviagroguatemala.com\/?page_id=432\" class=\"premium-menu-link premium-menu-link-parent premium-lq__none\">Cat\u00e1logo<\/a><\/li>\n<li id=\"premium-nav-menu-item-640\" class=\"menu-item menu-item-type-post_type menu-item-object-page premium-nav-menu-item\"><a href=\"http:\/\/serviagroguatemala.com\/?page_id=631\" class=\"premium-menu-link premium-menu-link-parent premium-lq__none\">Galer\u00eda<\/a><\/li>\n<li id=\"premium-nav-menu-item-639\" class=\"menu-item menu-item-type-post_type menu-item-object-page premium-nav-menu-item\"><a href=\"http:\/\/serviagroguatemala.com\/?page_id=637\" class=\"premium-menu-link premium-menu-link-parent premium-lq__none\">Contacto<\/a><\/li>\n<\/ul>\t\t\t\t\t\t\t<\/div>\r\n\t\t\t\t\t\t\t\t\t\t\t\t<div class=\"premium-mobile-menu-container\">\r\n\t\t\t\t\t\t\t\t\t\t\t\t\t\t\t\t<ul id=\"menu-menu1-1\" class=\"premium-mobile-menu premium-main-mobile-menu premium-main-nav-menu\"><li id=\"premium-nav-menu-item-5681\" class=\"menu-item menu-item-type-post_type menu-item-object-page menu-item-home premium-nav-menu-item\"><a href=\"http:\/\/serviagroguatemala.com\/\" class=\"premium-menu-link premium-menu-link-parent premium-lq__none\">Inicio<\/a><\/li>\n<li id=\"premium-nav-menu-item-5522\" class=\"menu-item menu-item-type-post_type menu-item-object-page premium-nav-menu-item\"><a href=\"http:\/\/serviagroguatemala.com\/?page_id=392\" class=\"premium-menu-link premium-menu-link-parent premium-lq__none\">Nosotros<\/a><\/li>\n<li id=\"premium-nav-menu-item-5703\" class=\"menu-item menu-item-type-post_type menu-item-object-page premium-nav-menu-item\"><a href=\"http:\/\/serviagroguatemala.com\/?page_id=432\" class=\"premium-menu-link premium-menu-link-parent premium-lq__none\">Cat\u00e1logo<\/a><\/li>\n<li id=\"premium-nav-menu-item-6404\" class=\"menu-item menu-item-type-post_type menu-item-object-page premium-nav-menu-item\"><a href=\"http:\/\/serviagroguatemala.com\/?page_id=631\" class=\"premium-menu-link premium-menu-link-parent premium-lq__none\">Galer\u00eda<\/a><\/li>\n<li id=\"premium-nav-menu-item-6395\" class=\"menu-item menu-item-type-post_type menu-item-object-page premium-nav-menu-item\"><a href=\"http:\/\/serviagroguatemala.com\/?page_id=637\" class=\"premium-menu-link premium-menu-link-parent premium-lq__none\">Contacto<\/a><\/li>\n<\/ul>\t\t\t\t\t\t\t\t\t\t\t\t\t\t\t<\/div>\r\n\t\t\t\t\t\t\t\t\t<\/div>\r\n\t\t\t<\/div>\r\n\t\t\t\t\t\t<\/div>\n\t\t\t\t<\/div>\n\t\t\t\t\t<\/div>\n\t\t\t\t<\/div>\n\t\t<div class=\"has_eae_slider elementor-element elementor-element-d12cbc2 e-flex e-con-boxed e-con e-parent\" data-eae-slider=\"11199\" data-id=\"d12cbc2\" data-element_type=\"container\">\n\t\t\t\t\t<div class=\"e-con-inner\">\n\t\t\t\t<div class=\"elementor-element elementor-element-96a0514 elementor-widget elementor-widget-google_maps\" data-id=\"96a0514\" data-element_type=\"widget\" data-widget_type=\"google_maps.default\">\n\t\t\t\t<div class=\"elementor-widget-container\">\n\t\t\t\t\t\t\t<div class=\"elementor-custom-embed\">\n\t\t\t<iframe loading=\"lazy\"\n\t\t\t\t\tsrc=\"https:\/\/maps.google.com\/maps?q=Sector%209%20Manzana%20A%20Casa%204%20Residenciales%20Los%20Olivos%20Zona%2018%20Guatemala%2C%2001018%2C%20Guatemala&#038;t=m&#038;z=17&#038;output=embed&#038;iwloc=near\"\n\t\t\t\t\ttitle=\"Sector 9 Manzana A Casa 4 Residenciales Los Olivos Zona 18 Guatemala, 01018, Guatemala\"\n\t\t\t\t\taria-label=\"Sector 9 Manzana A Casa 4 Residenciales Los Olivos Zona 18 Guatemala, 01018, Guatemala\"\n\t\t\t><\/iframe>\n\t\t<\/div>\n\t\t\t\t\t\t<\/div>\n\t\t\t\t<\/div>\n\t\t\t\t\t<\/div>\n\t\t\t\t<\/div>\n\t\t<div class=\"has_eae_slider elementor-element elementor-element-36bca27 e-flex e-con-boxed e-con e-parent\" data-eae-slider=\"98220\" data-id=\"36bca27\" data-element_type=\"container\">\n\t\t\t\t\t<div class=\"e-con-inner\">\n\t\t<div class=\"has_eae_slider elementor-element elementor-element-3cf6dac e-con-full e-flex e-con e-child\" data-eae-slider=\"35286\" data-id=\"3cf6dac\" data-element_type=\"container\">\n\t\t\t\t<div class=\"elementor-element elementor-element-ba3b49c elementor-widget elementor-widget-text-editor\" data-id=\"ba3b49c\" data-element_type=\"widget\" data-widget_type=\"text-editor.default\">\n\t\t\t\t<div class=\"elementor-widget-container\">\n\t\t\t\t\t\t\t\t\t<p><span style=\"font-size: 14pt;\"><strong>Direcci\u00f3n:<\/strong> Sector 9 Manzana A Casa 4 Residenciales Los Olivos Zona 18 Guatemala, 01018, Guatemala.<\/span><\/p><p><span style=\"font-size: 14pt;\"><strong>Tel\u00e9fono:<\/strong> +502 2285 2104<\/span><\/p><p><span style=\"font-size: 14pt;\"><strong>Horario de atenci\u00f3n: <\/strong><\/span><\/p><p><span style=\"font-size: 14pt;\">De lunes a viernes de 8:00am a 5.00PM.<\/span><\/p><p><span style=\"font-size: 14pt;\">S\u00e1bados de 8:00am a 12:00pm<\/span><\/p><p>\u00a0<\/p><p>\u00a0<\/p>\t\t\t\t\t\t\t\t<\/div>\n\t\t\t\t<\/div>\n\t\t\t\t<\/div>\n\t\t<div class=\"has_eae_slider elementor-element elementor-element-c692229 e-con-full e-flex e-con e-child\" data-eae-slider=\"78498\" data-id=\"c692229\" data-element_type=\"container\">\n\t\t\t\t<div class=\"elementor-element elementor-element-ed2a828 elementor-widget elementor-widget-html\" data-id=\"ed2a828\" data-element_type=\"widget\" data-widget_type=\"html.default\">\n\t\t\t\t<div class=\"elementor-widget-container\">\n\t\t\t\t\t\n<div class=\"wpcf7 no-js\" id=\"wpcf7-f91-o1\" lang=\"es-GT\" dir=\"ltr\" data-wpcf7-id=\"91\">\n<div class=\"screen-reader-response\"><p role=\"status\" aria-live=\"polite\" aria-atomic=\"true\"><\/p> <ul><\/ul><\/div>\n<form action=\"\/index.php?rest_route=%2Fwp%2Fv2%2Fpages%2F637#wpcf7-f91-o1\" method=\"post\" class=\"wpcf7-form init\" aria-label=\"Contact form\" novalidate=\"novalidate\" data-status=\"init\">\n<fieldset class=\"hidden-fields-container\"><input type=\"hidden\" name=\"_wpcf7\" value=\"91\" \/><input type=\"hidden\" name=\"_wpcf7_version\" value=\"6.1\" \/><input type=\"hidden\" name=\"_wpcf7_locale\" value=\"es_GT\" \/><input type=\"hidden\" name=\"_wpcf7_unit_tag\" value=\"wpcf7-f91-o1\" \/><input type=\"hidden\" name=\"_wpcf7_container_post\" value=\"0\" \/><input type=\"hidden\" name=\"_wpcf7_posted_data_hash\" value=\"\" \/>\n<\/fieldset>\n<p><label> Nombre (requerido)<br \/>\n<span class=\"wpcf7-form-control-wrap\" data-name=\"your-name\"><input size=\"40\" maxlength=\"400\" class=\"wpcf7-form-control wpcf7-text wpcf7-validates-as-required\" aria-required=\"true\" aria-invalid=\"false\" value=\"\" type=\"text\" name=\"your-name\" \/><\/span> <\/label>\n<\/p>\n<p><label> Email (requerido)<br \/>\n<span class=\"wpcf7-form-control-wrap\" data-name=\"your-email\"><input size=\"40\" maxlength=\"400\" class=\"wpcf7-form-control wpcf7-email wpcf7-validates-as-required wpcf7-text wpcf7-validates-as-email\" aria-required=\"true\" aria-invalid=\"false\" value=\"\" type=\"email\" name=\"your-email\" \/><\/span> <\/label>\n<\/p>\n<p><label> Asunto<br \/>\n<span class=\"wpcf7-form-control-wrap\" data-name=\"your-subject\"><input size=\"40\" maxlength=\"400\" class=\"wpcf7-form-control wpcf7-text\" aria-invalid=\"false\" value=\"\" type=\"text\" name=\"your-subject\" \/><\/span> <\/label>\n<\/p>\n<p><label> Mensaje<br \/>\n<span class=\"wpcf7-form-control-wrap\" data-name=\"your-message\"><textarea cols=\"40\" rows=\"10\" maxlength=\"2000\" class=\"wpcf7-form-control wpcf7-textarea\" aria-invalid=\"false\" name=\"your-message\"><\/textarea><\/span> <\/label>\n<\/p>\n<p><input class=\"wpcf7-form-control wpcf7-submit has-spinner\" type=\"submit\" value=\"Send\" \/>\n<\/p><div class=\"wpcf7-response-output\" aria-hidden=\"true\"><\/div>\n<\/form>\n<\/div>\n\t\t\t\t<\/div>\n\t\t\t\t<\/div>\n\t\t\t\t<\/div>\n\t\t\t\t\t<\/div>\n\t\t\t\t<\/div>\n\t\t<div class=\"has_eae_slider elementor-element elementor-element-f50cc1d e-flex e-con-boxed e-con e-parent\" data-eae-slider=\"53053\" data-id=\"f50cc1d\" data-element_type=\"container\" data-settings=\"{&quot;background_background&quot;:&quot;classic&quot;}\">\n\t\t\t\t\t<div class=\"e-con-inner\">\n\t\t\t\t<div class=\"elementor-element elementor-element-d88af03 elementor-widget elementor-widget-text-editor\" data-id=\"d88af03\" data-element_type=\"widget\" data-widget_type=\"text-editor.default\">\n\t\t\t\t<div class=\"elementor-widget-container\">\n\t\t\t\t\t\t\t\t\t<p style=\"text-align: center;\">\u00a9 Copyright 2024 \u2013 www.serviagroguatemala.com \u2013 All Rights Reserved<\/p>\t\t\t\t\t\t\t\t<\/div>\n\t\t\t\t<\/div>\n\t\t\t\t\t<\/div>\n\t\t\t\t<\/div>\n\t\t\t\t<\/div>\n\t\t","protected":false},"excerpt":{"rendered":"<p>Menu Close Inicio Nosotros Cat\u00e1logo Galer\u00eda Contacto Inicio Nosotros Cat\u00e1logo Galer\u00eda Contacto Direcci\u00f3n: Sector 9 Manzana A Casa 4 Residenciales Los Olivos Zona 18 Guatemala, 01018, Guatemala. Tel\u00e9fono: +502 2285 2104 Horario de atenci\u00f3n: De lunes a viernes de 8:00am a 5.00PM. S\u00e1bados de 8:00am a 12:00pm \u00a0 \u00a0 \u00a9 Copyright 2024 \u2013 www.serviagroguatemala.com \u2013 [&hellip;]<\/p>\n","protected":false},"author":1,"featured_media":0,"parent":0,"menu_order":0,"comment_status":"closed","ping_status":"closed","template":"elementor_canvas","meta":{"footnotes":"","_links_to":"","_links_to_target":""},"class_list":["post-637","page","type-page","status-publish","hentry"],"_links":{"self":[{"href":"http:\/\/serviagroguatemala.com\/index.php?rest_route=\/wp\/v2\/pages\/637","targetHints":{"allow":["GET"]}}],"collection":[{"href":"http:\/\/serviagroguatemala.com\/index.php?rest_route=\/wp\/v2\/pages"}],"about":[{"href":"http:\/\/serviagroguatemala.com\/index.php?rest_route=\/wp\/v2\/types\/page"}],"author":[{"embeddable":true,"href":"http:\/\/serviagroguatemala.com\/index.php?rest_route=\/wp\/v2\/users\/1"}],"replies":[{"embeddable":true,"href":"http:\/\/serviagroguatemala.com\/index.php?rest_route=%2Fwp%2Fv2%2Fcomments&post=637"}],"version-history":[{"count":16,"href":"http:\/\/serviagroguatemala.com\/index.php?rest_route=\/wp\/v2\/pages\/637\/revisions"}],"predecessor-version":[{"id":844,"href":"http:\/\/serviagroguatemala.com\/index.php?rest_route=\/wp\/v2\/pages\/637\/revisions\/844"}],"wp:attachment":[{"href":"http:\/\/serviagroguatemala.com\/index.php?rest_route=%2Fwp%2Fv2%2Fmedia&parent=637"}],"curies":[{"name":"wp","href":"https:\/\/api.w.org\/{rel}","templated":true}]}}