{"id":631,"date":"2025-07-15T02:20:56","date_gmt":"2025-07-15T02:20:56","guid":{"rendered":"http:\/\/serviagroguatemala.com\/?page_id=631"},"modified":"2025-07-17T01:25:08","modified_gmt":"2025-07-17T01:25:08","slug":"gallery","status":"publish","type":"page","link":"http:\/\/serviagroguatemala.com\/?page_id=631","title":{"rendered":"Gallery"},"content":{"rendered":"\t\t<div data-elementor-type=\"wp-page\" data-elementor-id=\"631\" class=\"elementor elementor-631\">\n\t\t\t\t<div class=\"has_eae_slider elementor-element elementor-element-fd7a764 e-flex e-con-boxed e-con e-parent\" data-eae-slider=\"91958\" data-id=\"fd7a764\" data-element_type=\"container\" data-settings=\"{&quot;background_background&quot;:&quot;classic&quot;}\">\n\t\t\t\t\t<div class=\"e-con-inner\">\n\t\t\t\t<div class=\"elementor-element elementor-element-0c45078 premium-nav-hor premium-nav-none premium-ham-dropdown elementor-widget elementor-widget-premium-nav-menu\" data-id=\"0c45078\" data-element_type=\"widget\" data-settings=\"{&quot;submenu_icon&quot;:{&quot;value&quot;:&quot;fas fa-angle-down&quot;,&quot;library&quot;:&quot;fa-solid&quot;},&quot;submenu_item_icon&quot;:{&quot;value&quot;:&quot;&quot;,&quot;library&quot;:&quot;&quot;}}\" data-widget_type=\"premium-nav-menu.default\">\n\t\t\t\t<div class=\"elementor-widget-container\">\n\t\t\t\t\t\t\t\t<div data-settings=\"{&quot;breakpoint&quot;:1024,&quot;mobileLayout&quot;:&quot;dropdown&quot;,&quot;mainLayout&quot;:&quot;hor&quot;,&quot;stretchDropdown&quot;:false,&quot;hoverEffect&quot;:&quot;&quot;,&quot;submenuEvent&quot;:&quot;hover&quot;,&quot;submenuTrigger&quot;:&quot;item&quot;,&quot;closeAfterClick&quot;:false,&quot;renderMobileMenu&quot;:true}\" class=\"premium-nav-widget-container premium-nav-pointer-none\" style=\"visibility:hidden; opacity:0;\">\r\n\t\t\t\t<div class=\"premium-ver-inner-container\">\r\n\t\t\t\t\t\t\t\t\t<div class=\"premium-hamburger-toggle premium-mobile-menu-icon\" role=\"button\" aria-label=\"Toggle Menu\">\r\n\t\t\t\t\t\t<span class=\"premium-toggle-text\">\r\n\t\t\t\t\t\t\t<i aria-hidden=\"true\" class=\"fas fa-bars\"><\/i>Menu\t\t\t\t\t\t<\/span>\r\n\t\t\t\t\t\t<span class=\"premium-toggle-close\">\r\n\t\t\t\t\t\t\t<i aria-hidden=\"true\" class=\"fas fa-times\"><\/i>Close\t\t\t\t\t\t<\/span>\r\n\t\t\t\t\t<\/div>\r\n\t\t\t\t\t\t\t\t\t\t\t\t<div class=\"premium-nav-menu-container premium-nav-default\">\r\n\t\t\t\t\t\t\t\t<ul id=\"menu-menu1\" class=\"premium-nav-menu premium-main-nav-menu\"><li id=\"premium-nav-menu-item-568\" class=\"menu-item menu-item-type-post_type menu-item-object-page menu-item-home premium-nav-menu-item\"><a href=\"http:\/\/serviagroguatemala.com\/\" class=\"premium-menu-link premium-menu-link-parent premium-lq__none\">Inicio<\/a><\/li>\n<li id=\"premium-nav-menu-item-552\" class=\"menu-item menu-item-type-post_type menu-item-object-page premium-nav-menu-item\"><a href=\"http:\/\/serviagroguatemala.com\/?page_id=392\" class=\"premium-menu-link premium-menu-link-parent premium-lq__none\">Nosotros<\/a><\/li>\n<li id=\"premium-nav-menu-item-570\" class=\"menu-item menu-item-type-post_type menu-item-object-page premium-nav-menu-item\"><a href=\"http:\/\/serviagroguatemala.com\/?page_id=432\" class=\"premium-menu-link premium-menu-link-parent premium-lq__none\">Cat\u00e1logo<\/a><\/li>\n<li id=\"premium-nav-menu-item-640\" class=\"menu-item menu-item-type-post_type menu-item-object-page premium-nav-menu-item\"><a href=\"http:\/\/serviagroguatemala.com\/?page_id=631\" class=\"premium-menu-link premium-menu-link-parent premium-lq__none\">Galer\u00eda<\/a><\/li>\n<li id=\"premium-nav-menu-item-639\" class=\"menu-item menu-item-type-post_type menu-item-object-page premium-nav-menu-item\"><a href=\"http:\/\/serviagroguatemala.com\/?page_id=637\" class=\"premium-menu-link premium-menu-link-parent premium-lq__none\">Contacto<\/a><\/li>\n<\/ul>\t\t\t\t\t\t\t<\/div>\r\n\t\t\t\t\t\t\t\t\t\t\t\t<div class=\"premium-mobile-menu-container\">\r\n\t\t\t\t\t\t\t\t\t\t\t\t\t\t\t\t<ul id=\"menu-menu1-1\" class=\"premium-mobile-menu premium-main-mobile-menu premium-main-nav-menu\"><li id=\"premium-nav-menu-item-5681\" class=\"menu-item menu-item-type-post_type menu-item-object-page menu-item-home premium-nav-menu-item\"><a href=\"http:\/\/serviagroguatemala.com\/\" class=\"premium-menu-link premium-menu-link-parent premium-lq__none\">Inicio<\/a><\/li>\n<li id=\"premium-nav-menu-item-5522\" class=\"menu-item menu-item-type-post_type menu-item-object-page premium-nav-menu-item\"><a href=\"http:\/\/serviagroguatemala.com\/?page_id=392\" class=\"premium-menu-link premium-menu-link-parent premium-lq__none\">Nosotros<\/a><\/li>\n<li id=\"premium-nav-menu-item-5703\" class=\"menu-item menu-item-type-post_type menu-item-object-page premium-nav-menu-item\"><a href=\"http:\/\/serviagroguatemala.com\/?page_id=432\" class=\"premium-menu-link premium-menu-link-parent premium-lq__none\">Cat\u00e1logo<\/a><\/li>\n<li id=\"premium-nav-menu-item-6404\" class=\"menu-item menu-item-type-post_type menu-item-object-page premium-nav-menu-item\"><a href=\"http:\/\/serviagroguatemala.com\/?page_id=631\" class=\"premium-menu-link premium-menu-link-parent premium-lq__none\">Galer\u00eda<\/a><\/li>\n<li id=\"premium-nav-menu-item-6395\" class=\"menu-item menu-item-type-post_type menu-item-object-page premium-nav-menu-item\"><a href=\"http:\/\/serviagroguatemala.com\/?page_id=637\" class=\"premium-menu-link premium-menu-link-parent premium-lq__none\">Contacto<\/a><\/li>\n<\/ul>\t\t\t\t\t\t\t\t\t\t\t\t\t\t\t<\/div>\r\n\t\t\t\t\t\t\t\t\t<\/div>\r\n\t\t\t<\/div>\r\n\t\t\t\t\t\t<\/div>\n\t\t\t\t<\/div>\n\t\t\t\t\t<\/div>\n\t\t\t\t<\/div>\n\t\t<div class=\"has_eae_slider elementor-element elementor-element-0ad3761 e-flex e-con-boxed e-con e-parent\" data-eae-slider=\"333\" data-id=\"0ad3761\" data-element_type=\"container\" data-settings=\"{&quot;background_background&quot;:&quot;classic&quot;}\">\n\t\t\t\t\t<div class=\"e-con-inner\">\n\t\t\t\t<div class=\"elementor-element elementor-element-515fc22 elementor-widget elementor-widget-image\" data-id=\"515fc22\" data-element_type=\"widget\" data-widget_type=\"image.default\">\n\t\t\t\t<div class=\"elementor-widget-container\">\n\t\t\t\t\t\t\t\t\t\t\t\t\t\t\t<img fetchpriority=\"high\" decoding=\"async\" width=\"1200\" height=\"337\" src=\"https:\/\/serviagroguatemala.com\/wp-content\/uploads\/2025\/07\/galeria-banner.jpg\" class=\"attachment-full size-full wp-image-692\" alt=\"\" srcset=\"https:\/\/serviagroguatemala.com\/wp-content\/uploads\/2025\/07\/galeria-banner.jpg 1200w, https:\/\/serviagroguatemala.com\/wp-content\/uploads\/2025\/07\/galeria-banner-300x84.jpg 300w, https:\/\/serviagroguatemala.com\/wp-content\/uploads\/2025\/07\/galeria-banner-1024x288.jpg 1024w, https:\/\/serviagroguatemala.com\/wp-content\/uploads\/2025\/07\/galeria-banner-768x216.jpg 768w\" sizes=\"(max-width: 1200px) 100vw, 1200px\" \/>\t\t\t\t\t\t\t\t\t\t\t\t\t\t\t<\/div>\n\t\t\t\t<\/div>\n\t\t\t\t\t<\/div>\n\t\t\t\t<\/div>\n\t\t<div class=\"has_eae_slider elementor-element elementor-element-b3b9570 e-flex e-con-boxed e-con e-parent\" data-eae-slider=\"82263\" data-id=\"b3b9570\" data-element_type=\"container\">\n\t\t\t\t\t<div class=\"e-con-inner\">\n\t\t<div class=\"has_eae_slider elementor-element elementor-element-2e2ccb9 e-con-full e-flex e-con e-child\" data-eae-slider=\"20543\" data-id=\"2e2ccb9\" data-element_type=\"container\">\n\t\t\t\t<div class=\"elementor-element elementor-element-92b25ff elementor-widget elementor-widget-image\" data-id=\"92b25ff\" data-element_type=\"widget\" data-widget_type=\"image.default\">\n\t\t\t\t<div class=\"elementor-widget-container\">\n\t\t\t\t\t\t\t\t\t\t\t\t\t\t\t\t<a href=\"http:\/\/serviagroguatemala.com\/?page_id=633\">\n\t\t\t\t\t\t\t<img decoding=\"async\" width=\"249\" height=\"249\" src=\"https:\/\/serviagroguatemala.com\/wp-content\/uploads\/2025\/07\/gallery-fotos.jpg\" class=\"attachment-large size-large wp-image-694\" alt=\"\" srcset=\"https:\/\/serviagroguatemala.com\/wp-content\/uploads\/2025\/07\/gallery-fotos.jpg 249w, https:\/\/serviagroguatemala.com\/wp-content\/uploads\/2025\/07\/gallery-fotos-150x150.jpg 150w\" sizes=\"(max-width: 249px) 100vw, 249px\" \/>\t\t\t\t\t\t\t\t<\/a>\n\t\t\t\t\t\t\t\t\t\t\t\t\t\t\t<\/div>\n\t\t\t\t<\/div>\n\t\t\t\t<div class=\"elementor-element elementor-element-9a43430 elementor-widget elementor-widget-text-editor\" data-id=\"9a43430\" data-element_type=\"widget\" data-widget_type=\"text-editor.default\">\n\t\t\t\t<div class=\"elementor-widget-container\">\n\t\t\t\t\t\t\t\t\t<p style=\"text-align: center;\"><a href=\"http:\/\/serviagroguatemala.com\/?page_id=633\">GALER\u00cdA DE IMAGENES<\/a><\/p>\t\t\t\t\t\t\t\t<\/div>\n\t\t\t\t<\/div>\n\t\t\t\t<\/div>\n\t\t<div class=\"has_eae_slider elementor-element elementor-element-55104d7 e-con-full e-flex e-con e-child\" data-eae-slider=\"20237\" data-id=\"55104d7\" data-element_type=\"container\">\n\t\t\t\t<div class=\"elementor-element elementor-element-ae90421 elementor-widget elementor-widget-image\" data-id=\"ae90421\" data-element_type=\"widget\" data-widget_type=\"image.default\">\n\t\t\t\t<div class=\"elementor-widget-container\">\n\t\t\t\t\t\t\t\t\t\t\t\t\t\t\t\t<a href=\"http:\/\/serviagroguatemala.com\/?page_id=635\">\n\t\t\t\t\t\t\t<img decoding=\"async\" width=\"249\" height=\"249\" src=\"https:\/\/serviagroguatemala.com\/wp-content\/uploads\/2025\/07\/gallery-video.jpg\" class=\"attachment-large size-large wp-image-695\" alt=\"\" srcset=\"https:\/\/serviagroguatemala.com\/wp-content\/uploads\/2025\/07\/gallery-video.jpg 249w, https:\/\/serviagroguatemala.com\/wp-content\/uploads\/2025\/07\/gallery-video-150x150.jpg 150w\" sizes=\"(max-width: 249px) 100vw, 249px\" \/>\t\t\t\t\t\t\t\t<\/a>\n\t\t\t\t\t\t\t\t\t\t\t\t\t\t\t<\/div>\n\t\t\t\t<\/div>\n\t\t\t\t<div class=\"elementor-element elementor-element-3e6cbae elementor-widget elementor-widget-text-editor\" data-id=\"3e6cbae\" data-element_type=\"widget\" data-widget_type=\"text-editor.default\">\n\t\t\t\t<div class=\"elementor-widget-container\">\n\t\t\t\t\t\t\t\t\t<p style=\"text-align: center;\"><a href=\"http:\/\/serviagroguatemala.com\/?page_id=635\">GALER\u00cdA DE VIDEOS<\/a><\/p>\t\t\t\t\t\t\t\t<\/div>\n\t\t\t\t<\/div>\n\t\t\t\t<\/div>\n\t\t\t\t\t<\/div>\n\t\t\t\t<\/div>\n\t\t<div class=\"has_eae_slider elementor-element elementor-element-0281c41 e-flex e-con-boxed e-con e-parent\" data-eae-slider=\"16353\" data-id=\"0281c41\" data-element_type=\"container\" data-settings=\"{&quot;background_background&quot;:&quot;classic&quot;}\">\n\t\t\t\t\t<div class=\"e-con-inner\">\n\t\t\t\t<div class=\"elementor-element elementor-element-a3b6fa0 elementor-widget elementor-widget-text-editor\" data-id=\"a3b6fa0\" data-element_type=\"widget\" data-widget_type=\"text-editor.default\">\n\t\t\t\t<div class=\"elementor-widget-container\">\n\t\t\t\t\t\t\t\t\t<p style=\"text-align: center;\">\u00a9 Copyright 2024 \u2013 www.serviagroguatemala.com \u2013 All Rights Reserved<\/p>\t\t\t\t\t\t\t\t<\/div>\n\t\t\t\t<\/div>\n\t\t\t\t\t<\/div>\n\t\t\t\t<\/div>\n\t\t\t\t<\/div>\n\t\t","protected":false},"excerpt":{"rendered":"<p>Menu Close Inicio Nosotros Cat\u00e1logo Galer\u00eda Contacto Inicio Nosotros Cat\u00e1logo Galer\u00eda Contacto GALER\u00cdA DE IMAGENES GALER\u00cdA DE VIDEOS \u00a9 Copyright 2024 \u2013 www.serviagroguatemala.com \u2013 All Rights Reserved<\/p>\n","protected":false},"author":1,"featured_media":0,"parent":0,"menu_order":0,"comment_status":"closed","ping_status":"closed","template":"elementor_canvas","meta":{"footnotes":"","_links_to":"","_links_to_target":""},"class_list":["post-631","page","type-page","status-publish","hentry"],"_links":{"self":[{"href":"http:\/\/serviagroguatemala.com\/index.php?rest_route=\/wp\/v2\/pages\/631","targetHints":{"allow":["GET"]}}],"collection":[{"href":"http:\/\/serviagroguatemala.com\/index.php?rest_route=\/wp\/v2\/pages"}],"about":[{"href":"http:\/\/serviagroguatemala.com\/index.php?rest_route=\/wp\/v2\/types\/page"}],"author":[{"embeddable":true,"href":"http:\/\/serviagroguatemala.com\/index.php?rest_route=\/wp\/v2\/users\/1"}],"replies":[{"embeddable":true,"href":"http:\/\/serviagroguatemala.com\/index.php?rest_route=%2Fwp%2Fv2%2Fcomments&post=631"}],"version-history":[{"count":16,"href":"http:\/\/serviagroguatemala.com\/index.php?rest_route=\/wp\/v2\/pages\/631\/revisions"}],"predecessor-version":[{"id":841,"href":"http:\/\/serviagroguatemala.com\/index.php?rest_route=\/wp\/v2\/pages\/631\/revisions\/841"}],"wp:attachment":[{"href":"http:\/\/serviagroguatemala.com\/index.php?rest_route=%2Fwp%2Fv2%2Fmedia&parent=631"}],"curies":[{"name":"wp","href":"https:\/\/api.w.org\/{rel}","templated":true}]}}