{"id":629,"date":"2025-07-15T02:20:12","date_gmt":"2025-07-15T02:20:12","guid":{"rendered":"http:\/\/serviagroguatemala.com\/?page_id=629"},"modified":"2025-07-17T01:34:08","modified_gmt":"2025-07-17T01:34:08","slug":"agrohao","status":"publish","type":"page","link":"http:\/\/serviagroguatemala.com\/?page_id=629","title":{"rendered":"Agrohao"},"content":{"rendered":"\t\t<div data-elementor-type=\"wp-page\" data-elementor-id=\"629\" class=\"elementor elementor-629\">\n\t\t\t\t<div class=\"has_eae_slider elementor-element elementor-element-7e36a29 e-flex e-con-boxed e-con e-parent\" data-eae-slider=\"2061\" data-id=\"7e36a29\" data-element_type=\"container\" data-settings=\"{&quot;background_background&quot;:&quot;classic&quot;}\">\n\t\t\t\t\t<div class=\"e-con-inner\">\n\t\t\t\t<div class=\"elementor-element elementor-element-79f3180 premium-nav-hor premium-nav-none premium-ham-dropdown elementor-widget elementor-widget-premium-nav-menu\" data-id=\"79f3180\" data-element_type=\"widget\" data-settings=\"{&quot;submenu_icon&quot;:{&quot;value&quot;:&quot;fas fa-angle-down&quot;,&quot;library&quot;:&quot;fa-solid&quot;},&quot;submenu_item_icon&quot;:{&quot;value&quot;:&quot;&quot;,&quot;library&quot;:&quot;&quot;}}\" data-widget_type=\"premium-nav-menu.default\">\n\t\t\t\t<div class=\"elementor-widget-container\">\n\t\t\t\t\t\t\t\t<div data-settings=\"{&quot;breakpoint&quot;:1024,&quot;mobileLayout&quot;:&quot;dropdown&quot;,&quot;mainLayout&quot;:&quot;hor&quot;,&quot;stretchDropdown&quot;:false,&quot;hoverEffect&quot;:&quot;&quot;,&quot;submenuEvent&quot;:&quot;hover&quot;,&quot;submenuTrigger&quot;:&quot;item&quot;,&quot;closeAfterClick&quot;:false,&quot;renderMobileMenu&quot;:true}\" class=\"premium-nav-widget-container premium-nav-pointer-none\" style=\"visibility:hidden; opacity:0;\">\r\n\t\t\t\t<div class=\"premium-ver-inner-container\">\r\n\t\t\t\t\t\t\t\t\t<div class=\"premium-hamburger-toggle premium-mobile-menu-icon\" role=\"button\" aria-label=\"Toggle Menu\">\r\n\t\t\t\t\t\t<span class=\"premium-toggle-text\">\r\n\t\t\t\t\t\t\t<i aria-hidden=\"true\" class=\"fas fa-bars\"><\/i>Menu\t\t\t\t\t\t<\/span>\r\n\t\t\t\t\t\t<span class=\"premium-toggle-close\">\r\n\t\t\t\t\t\t\t<i aria-hidden=\"true\" class=\"fas fa-times\"><\/i>Close\t\t\t\t\t\t<\/span>\r\n\t\t\t\t\t<\/div>\r\n\t\t\t\t\t\t\t\t\t\t\t\t<div class=\"premium-nav-menu-container premium-nav-default\">\r\n\t\t\t\t\t\t\t\t<ul id=\"menu-menu1\" class=\"premium-nav-menu premium-main-nav-menu\"><li id=\"premium-nav-menu-item-568\" class=\"menu-item menu-item-type-post_type menu-item-object-page menu-item-home premium-nav-menu-item\"><a href=\"http:\/\/serviagroguatemala.com\/\" class=\"premium-menu-link premium-menu-link-parent premium-lq__none\">Inicio<\/a><\/li>\n<li id=\"premium-nav-menu-item-552\" class=\"menu-item menu-item-type-post_type menu-item-object-page premium-nav-menu-item\"><a href=\"http:\/\/serviagroguatemala.com\/?page_id=392\" class=\"premium-menu-link premium-menu-link-parent premium-lq__none\">Nosotros<\/a><\/li>\n<li id=\"premium-nav-menu-item-570\" class=\"menu-item menu-item-type-post_type menu-item-object-page premium-nav-menu-item\"><a href=\"http:\/\/serviagroguatemala.com\/?page_id=432\" class=\"premium-menu-link premium-menu-link-parent premium-lq__none\">Cat\u00e1logo<\/a><\/li>\n<li id=\"premium-nav-menu-item-640\" class=\"menu-item menu-item-type-post_type menu-item-object-page premium-nav-menu-item\"><a href=\"http:\/\/serviagroguatemala.com\/?page_id=631\" class=\"premium-menu-link premium-menu-link-parent premium-lq__none\">Galer\u00eda<\/a><\/li>\n<li id=\"premium-nav-menu-item-639\" class=\"menu-item menu-item-type-post_type menu-item-object-page premium-nav-menu-item\"><a href=\"http:\/\/serviagroguatemala.com\/?page_id=637\" class=\"premium-menu-link premium-menu-link-parent premium-lq__none\">Contacto<\/a><\/li>\n<\/ul>\t\t\t\t\t\t\t<\/div>\r\n\t\t\t\t\t\t\t\t\t\t\t\t<div class=\"premium-mobile-menu-container\">\r\n\t\t\t\t\t\t\t\t\t\t\t\t\t\t\t\t<ul id=\"menu-menu1-1\" class=\"premium-mobile-menu premium-main-mobile-menu premium-main-nav-menu\"><li id=\"premium-nav-menu-item-5681\" class=\"menu-item menu-item-type-post_type menu-item-object-page menu-item-home premium-nav-menu-item\"><a href=\"http:\/\/serviagroguatemala.com\/\" class=\"premium-menu-link premium-menu-link-parent premium-lq__none\">Inicio<\/a><\/li>\n<li id=\"premium-nav-menu-item-5522\" class=\"menu-item menu-item-type-post_type menu-item-object-page premium-nav-menu-item\"><a href=\"http:\/\/serviagroguatemala.com\/?page_id=392\" class=\"premium-menu-link premium-menu-link-parent premium-lq__none\">Nosotros<\/a><\/li>\n<li id=\"premium-nav-menu-item-5703\" class=\"menu-item menu-item-type-post_type menu-item-object-page premium-nav-menu-item\"><a href=\"http:\/\/serviagroguatemala.com\/?page_id=432\" class=\"premium-menu-link premium-menu-link-parent premium-lq__none\">Cat\u00e1logo<\/a><\/li>\n<li id=\"premium-nav-menu-item-6404\" class=\"menu-item menu-item-type-post_type menu-item-object-page premium-nav-menu-item\"><a href=\"http:\/\/serviagroguatemala.com\/?page_id=631\" class=\"premium-menu-link premium-menu-link-parent premium-lq__none\">Galer\u00eda<\/a><\/li>\n<li id=\"premium-nav-menu-item-6395\" class=\"menu-item menu-item-type-post_type menu-item-object-page premium-nav-menu-item\"><a href=\"http:\/\/serviagroguatemala.com\/?page_id=637\" class=\"premium-menu-link premium-menu-link-parent premium-lq__none\">Contacto<\/a><\/li>\n<\/ul>\t\t\t\t\t\t\t\t\t\t\t\t\t\t\t<\/div>\r\n\t\t\t\t\t\t\t\t\t<\/div>\r\n\t\t\t<\/div>\r\n\t\t\t\t\t\t<\/div>\n\t\t\t\t<\/div>\n\t\t\t\t\t<\/div>\n\t\t\t\t<\/div>\n\t\t<div class=\"has_eae_slider elementor-element elementor-element-9d8bbd6 e-flex e-con-boxed e-con e-parent\" data-eae-slider=\"26390\" data-id=\"9d8bbd6\" data-element_type=\"container\" data-settings=\"{&quot;background_background&quot;:&quot;classic&quot;}\">\n\t\t\t\t\t<div class=\"e-con-inner\">\n\t\t\t\t<div class=\"elementor-element elementor-element-22586f5 elementor-widget elementor-widget-image\" data-id=\"22586f5\" data-element_type=\"widget\" data-widget_type=\"image.default\">\n\t\t\t\t<div class=\"elementor-widget-container\">\n\t\t\t\t\t\t\t\t\t\t\t\t\t\t\t<img fetchpriority=\"high\" decoding=\"async\" width=\"1200\" height=\"337\" src=\"http:\/\/serviagroguatemala.com\/wp-content\/uploads\/2025\/07\/banner-agrohao.jpg\" class=\"attachment-full size-full wp-image-665\" alt=\"\" srcset=\"http:\/\/serviagroguatemala.com\/wp-content\/uploads\/2025\/07\/banner-agrohao.jpg 1200w, http:\/\/serviagroguatemala.com\/wp-content\/uploads\/2025\/07\/banner-agrohao-300x84.jpg 300w, http:\/\/serviagroguatemala.com\/wp-content\/uploads\/2025\/07\/banner-agrohao-1024x288.jpg 1024w, http:\/\/serviagroguatemala.com\/wp-content\/uploads\/2025\/07\/banner-agrohao-768x216.jpg 768w\" sizes=\"(max-width: 1200px) 100vw, 1200px\" \/>\t\t\t\t\t\t\t\t\t\t\t\t\t\t\t<\/div>\n\t\t\t\t<\/div>\n\t\t\t\t\t<\/div>\n\t\t\t\t<\/div>\n\t\t<div class=\"has_eae_slider elementor-element elementor-element-b121f33 e-flex e-con-boxed e-con e-parent\" data-eae-slider=\"73072\" data-id=\"b121f33\" data-element_type=\"container\">\n\t\t\t\t\t<div class=\"e-con-inner\">\n\t\t<div class=\"has_eae_slider elementor-element elementor-element-960ed29 e-con-full e-flex e-con e-child\" data-eae-slider=\"82224\" data-id=\"960ed29\" data-element_type=\"container\">\n\t\t\t\t<div class=\"elementor-element elementor-element-ea616e3 elementor-widget elementor-widget-image\" data-id=\"ea616e3\" data-element_type=\"widget\" data-widget_type=\"image.default\">\n\t\t\t\t<div class=\"elementor-widget-container\">\n\t\t\t\t\t\t\t\t\t\t\t\t\t\t\t<img decoding=\"async\" width=\"232\" height=\"300\" src=\"http:\/\/serviagroguatemala.com\/wp-content\/uploads\/2025\/07\/2-quema-mas-232x300.jpg\" class=\"attachment-medium size-medium wp-image-797\" alt=\"\" srcset=\"http:\/\/serviagroguatemala.com\/wp-content\/uploads\/2025\/07\/2-quema-mas-232x300.jpg 232w, http:\/\/serviagroguatemala.com\/wp-content\/uploads\/2025\/07\/2-quema-mas.jpg 407w\" sizes=\"(max-width: 232px) 100vw, 232px\" \/>\t\t\t\t\t\t\t\t\t\t\t\t\t\t\t<\/div>\n\t\t\t\t<\/div>\n\t\t\t\t<\/div>\n\t\t<div class=\"has_eae_slider elementor-element elementor-element-ca60681 e-con-full e-flex e-con e-child\" data-eae-slider=\"49483\" data-id=\"ca60681\" data-element_type=\"container\">\n\t\t\t\t<div class=\"elementor-element elementor-element-762f1a2 elementor-widget elementor-widget-image\" data-id=\"762f1a2\" data-element_type=\"widget\" data-widget_type=\"image.default\">\n\t\t\t\t<div class=\"elementor-widget-container\">\n\t\t\t\t\t\t\t\t\t\t\t\t\t\t\t<img decoding=\"async\" width=\"300\" height=\"108\" src=\"http:\/\/serviagroguatemala.com\/wp-content\/uploads\/2025\/07\/1-quema-mas-300x108.jpg\" class=\"attachment-medium size-medium wp-image-795\" alt=\"\" srcset=\"http:\/\/serviagroguatemala.com\/wp-content\/uploads\/2025\/07\/1-quema-mas-300x108.jpg 300w, http:\/\/serviagroguatemala.com\/wp-content\/uploads\/2025\/07\/1-quema-mas.jpg 572w\" sizes=\"(max-width: 300px) 100vw, 300px\" \/>\t\t\t\t\t\t\t\t\t\t\t\t\t\t\t<\/div>\n\t\t\t\t<\/div>\n\t\t\t\t<div class=\"elementor-element elementor-element-c0983c5 elementor-widget elementor-widget-text-editor\" data-id=\"c0983c5\" data-element_type=\"widget\" data-widget_type=\"text-editor.default\">\n\t\t\t\t<div class=\"elementor-widget-container\">\n\t\t\t\t\t\t\t\t\t<p><span style=\"font-size: 14pt;\"><strong>COMPONENTES:<\/strong> <\/span><br \/><span style=\"font-size: 14pt;\">GLUFOSINATO DE AMONIO 15%<\/span><\/p><p><br \/><span style=\"font-size: 14pt;\">Es un inhibidor de la enzima glutamina sintetasa (GS), es uno de los herbicidas m\u00e1s importantes para el control de malezas.<\/span><\/p>\t\t\t\t\t\t\t\t<\/div>\n\t\t\t\t<\/div>\n\t\t\t\t<\/div>\n\t\t\t\t\t<\/div>\n\t\t\t\t<\/div>\n\t\t<div class=\"has_eae_slider elementor-element elementor-element-642a04e e-flex e-con-boxed e-con e-parent\" data-eae-slider=\"58755\" data-id=\"642a04e\" data-element_type=\"container\">\n\t\t\t\t\t<div class=\"e-con-inner\">\n\t\t<div class=\"has_eae_slider elementor-element elementor-element-b4c7643 e-con-full e-flex e-con e-child\" data-eae-slider=\"9833\" data-id=\"b4c7643\" data-element_type=\"container\">\n\t\t\t\t<div class=\"elementor-element elementor-element-90a8af0 elementor-widget elementor-widget-image\" data-id=\"90a8af0\" data-element_type=\"widget\" data-widget_type=\"image.default\">\n\t\t\t\t<div class=\"elementor-widget-container\">\n\t\t\t\t\t\t\t\t\t\t\t\t\t\t\t<img loading=\"lazy\" decoding=\"async\" width=\"228\" height=\"300\" src=\"http:\/\/serviagroguatemala.com\/wp-content\/uploads\/2025\/07\/4-limpia-milpa-228x300.jpg\" class=\"attachment-medium size-medium wp-image-798\" alt=\"\" srcset=\"http:\/\/serviagroguatemala.com\/wp-content\/uploads\/2025\/07\/4-limpia-milpa-228x300.jpg 228w, http:\/\/serviagroguatemala.com\/wp-content\/uploads\/2025\/07\/4-limpia-milpa.jpg 441w\" sizes=\"(max-width: 228px) 100vw, 228px\" \/>\t\t\t\t\t\t\t\t\t\t\t\t\t\t\t<\/div>\n\t\t\t\t<\/div>\n\t\t\t\t<\/div>\n\t\t<div class=\"has_eae_slider elementor-element elementor-element-ca16e1f e-con-full e-flex e-con e-child\" data-eae-slider=\"18510\" data-id=\"ca16e1f\" data-element_type=\"container\">\n\t\t\t\t<div class=\"elementor-element elementor-element-2320ade elementor-widget elementor-widget-image\" data-id=\"2320ade\" data-element_type=\"widget\" data-widget_type=\"image.default\">\n\t\t\t\t<div class=\"elementor-widget-container\">\n\t\t\t\t\t\t\t\t\t\t\t\t\t\t\t<img loading=\"lazy\" decoding=\"async\" width=\"300\" height=\"143\" src=\"http:\/\/serviagroguatemala.com\/wp-content\/uploads\/2025\/07\/3-limpia-milpa-300x143.jpg\" class=\"attachment-medium size-medium wp-image-796\" alt=\"\" srcset=\"http:\/\/serviagroguatemala.com\/wp-content\/uploads\/2025\/07\/3-limpia-milpa-300x143.jpg 300w, http:\/\/serviagroguatemala.com\/wp-content\/uploads\/2025\/07\/3-limpia-milpa.jpg 640w\" sizes=\"(max-width: 300px) 100vw, 300px\" \/>\t\t\t\t\t\t\t\t\t\t\t\t\t\t\t<\/div>\n\t\t\t\t<\/div>\n\t\t\t\t<div class=\"elementor-element elementor-element-58eca2f elementor-widget elementor-widget-text-editor\" data-id=\"58eca2f\" data-element_type=\"widget\" data-widget_type=\"text-editor.default\">\n\t\t\t\t<div class=\"elementor-widget-container\">\n\t\t\t\t\t\t\t\t\t<p><span style=\"font-size: 14pt;\"><strong>COMPONENTES:<\/strong> <\/span><br \/><span style=\"font-size: 14pt;\">NICOSULFURON 4 SC<\/span><\/p><p><span style=\"font-size: 14pt;\">Es un herbicida post-emergente selectivo para el control de gram\u00edneas perennes y algunas <\/span><br \/><span style=\"font-size: 14pt;\">hojas anchas.<\/span><\/p>\t\t\t\t\t\t\t\t<\/div>\n\t\t\t\t<\/div>\n\t\t\t\t<\/div>\n\t\t\t\t\t<\/div>\n\t\t\t\t<\/div>\n\t\t<div class=\"has_eae_slider elementor-element elementor-element-f53db31 e-flex e-con-boxed e-con e-parent\" data-eae-slider=\"39547\" data-id=\"f53db31\" data-element_type=\"container\" data-settings=\"{&quot;background_background&quot;:&quot;classic&quot;}\">\n\t\t\t\t\t<div class=\"e-con-inner\">\n\t\t\t\t<div class=\"elementor-element elementor-element-1f01363 elementor-widget elementor-widget-text-editor\" data-id=\"1f01363\" data-element_type=\"widget\" data-widget_type=\"text-editor.default\">\n\t\t\t\t<div class=\"elementor-widget-container\">\n\t\t\t\t\t\t\t\t\t<p style=\"text-align: center;\">\u00a9 Copyright 2024 \u2013 www.serviagroguatemala.com \u2013 All Rights Reserved<\/p>\t\t\t\t\t\t\t\t<\/div>\n\t\t\t\t<\/div>\n\t\t\t\t\t<\/div>\n\t\t\t\t<\/div>\n\t\t\t\t<\/div>\n\t\t","protected":false},"excerpt":{"rendered":"<p>Menu Close Inicio Nosotros Cat\u00e1logo Galer\u00eda Contacto Inicio Nosotros Cat\u00e1logo Galer\u00eda Contacto COMPONENTES: GLUFOSINATO DE AMONIO 15% Es un inhibidor de la enzima glutamina sintetasa (GS), es uno de los herbicidas m\u00e1s importantes para el control de malezas. COMPONENTES: NICOSULFURON 4 SC Es un herbicida post-emergente selectivo para el control de gram\u00edneas perennes y algunas [&hellip;]<\/p>\n","protected":false},"author":1,"featured_media":0,"parent":0,"menu_order":0,"comment_status":"closed","ping_status":"closed","template":"elementor_canvas","meta":{"footnotes":"","_links_to":"","_links_to_target":""},"class_list":["post-629","page","type-page","status-publish","hentry"],"_links":{"self":[{"href":"http:\/\/serviagroguatemala.com\/index.php?rest_route=\/wp\/v2\/pages\/629","targetHints":{"allow":["GET"]}}],"collection":[{"href":"http:\/\/serviagroguatemala.com\/index.php?rest_route=\/wp\/v2\/pages"}],"about":[{"href":"http:\/\/serviagroguatemala.com\/index.php?rest_route=\/wp\/v2\/types\/page"}],"author":[{"embeddable":true,"href":"http:\/\/serviagroguatemala.com\/index.php?rest_route=\/wp\/v2\/users\/1"}],"replies":[{"embeddable":true,"href":"http:\/\/serviagroguatemala.com\/index.php?rest_route=%2Fwp%2Fv2%2Fcomments&post=629"}],"version-history":[{"count":19,"href":"http:\/\/serviagroguatemala.com\/index.php?rest_route=\/wp\/v2\/pages\/629\/revisions"}],"predecessor-version":[{"id":847,"href":"http:\/\/serviagroguatemala.com\/index.php?rest_route=\/wp\/v2\/pages\/629\/revisions\/847"}],"wp:attachment":[{"href":"http:\/\/serviagroguatemala.com\/index.php?rest_route=%2Fwp%2Fv2%2Fmedia&parent=629"}],"curies":[{"name":"wp","href":"https:\/\/api.w.org\/{rel}","templated":true}]}}