{"id":627,"date":"2025-07-15T02:19:49","date_gmt":"2025-07-15T02:19:49","guid":{"rendered":"http:\/\/serviagroguatemala.com\/?page_id=627"},"modified":"2025-07-17T01:42:39","modified_gmt":"2025-07-17T01:42:39","slug":"jaladores","status":"publish","type":"page","link":"http:\/\/serviagroguatemala.com\/?page_id=627","title":{"rendered":"Jaladores"},"content":{"rendered":"\t\t<div data-elementor-type=\"wp-page\" data-elementor-id=\"627\" class=\"elementor elementor-627\">\n\t\t\t\t<div class=\"has_eae_slider elementor-element elementor-element-f1e210f e-flex e-con-boxed e-con e-parent\" data-eae-slider=\"47064\" data-id=\"f1e210f\" data-element_type=\"container\" data-settings=\"{&quot;background_background&quot;:&quot;classic&quot;}\">\n\t\t\t\t\t<div class=\"e-con-inner\">\n\t\t\t\t<div class=\"elementor-element elementor-element-6a8322c premium-nav-hor premium-nav-none premium-ham-dropdown elementor-widget elementor-widget-premium-nav-menu\" data-id=\"6a8322c\" data-element_type=\"widget\" data-settings=\"{&quot;submenu_icon&quot;:{&quot;value&quot;:&quot;fas fa-angle-down&quot;,&quot;library&quot;:&quot;fa-solid&quot;},&quot;submenu_item_icon&quot;:{&quot;value&quot;:&quot;&quot;,&quot;library&quot;:&quot;&quot;}}\" data-widget_type=\"premium-nav-menu.default\">\n\t\t\t\t<div class=\"elementor-widget-container\">\n\t\t\t\t\t\t\t\t<div data-settings=\"{&quot;breakpoint&quot;:1024,&quot;mobileLayout&quot;:&quot;dropdown&quot;,&quot;mainLayout&quot;:&quot;hor&quot;,&quot;stretchDropdown&quot;:false,&quot;hoverEffect&quot;:&quot;&quot;,&quot;submenuEvent&quot;:&quot;hover&quot;,&quot;submenuTrigger&quot;:&quot;item&quot;,&quot;closeAfterClick&quot;:false,&quot;renderMobileMenu&quot;:true}\" class=\"premium-nav-widget-container premium-nav-pointer-none\" style=\"visibility:hidden; opacity:0;\">\r\n\t\t\t\t<div class=\"premium-ver-inner-container\">\r\n\t\t\t\t\t\t\t\t\t<div class=\"premium-hamburger-toggle premium-mobile-menu-icon\" role=\"button\" aria-label=\"Toggle Menu\">\r\n\t\t\t\t\t\t<span class=\"premium-toggle-text\">\r\n\t\t\t\t\t\t\t<i aria-hidden=\"true\" class=\"fas fa-bars\"><\/i>Menu\t\t\t\t\t\t<\/span>\r\n\t\t\t\t\t\t<span class=\"premium-toggle-close\">\r\n\t\t\t\t\t\t\t<i aria-hidden=\"true\" class=\"fas fa-times\"><\/i>Close\t\t\t\t\t\t<\/span>\r\n\t\t\t\t\t<\/div>\r\n\t\t\t\t\t\t\t\t\t\t\t\t<div class=\"premium-nav-menu-container premium-nav-default\">\r\n\t\t\t\t\t\t\t\t<ul id=\"menu-menu1\" class=\"premium-nav-menu premium-main-nav-menu\"><li id=\"premium-nav-menu-item-568\" class=\"menu-item menu-item-type-post_type menu-item-object-page menu-item-home premium-nav-menu-item\"><a href=\"http:\/\/serviagroguatemala.com\/\" class=\"premium-menu-link premium-menu-link-parent premium-lq__none\">Inicio<\/a><\/li>\n<li id=\"premium-nav-menu-item-552\" class=\"menu-item menu-item-type-post_type menu-item-object-page premium-nav-menu-item\"><a href=\"http:\/\/serviagroguatemala.com\/?page_id=392\" class=\"premium-menu-link premium-menu-link-parent premium-lq__none\">Nosotros<\/a><\/li>\n<li id=\"premium-nav-menu-item-570\" class=\"menu-item menu-item-type-post_type menu-item-object-page premium-nav-menu-item\"><a href=\"http:\/\/serviagroguatemala.com\/?page_id=432\" class=\"premium-menu-link premium-menu-link-parent premium-lq__none\">Cat\u00e1logo<\/a><\/li>\n<li id=\"premium-nav-menu-item-640\" class=\"menu-item menu-item-type-post_type menu-item-object-page premium-nav-menu-item\"><a href=\"http:\/\/serviagroguatemala.com\/?page_id=631\" class=\"premium-menu-link premium-menu-link-parent premium-lq__none\">Galer\u00eda<\/a><\/li>\n<li id=\"premium-nav-menu-item-639\" class=\"menu-item menu-item-type-post_type menu-item-object-page premium-nav-menu-item\"><a href=\"http:\/\/serviagroguatemala.com\/?page_id=637\" class=\"premium-menu-link premium-menu-link-parent premium-lq__none\">Contacto<\/a><\/li>\n<\/ul>\t\t\t\t\t\t\t<\/div>\r\n\t\t\t\t\t\t\t\t\t\t\t\t<div class=\"premium-mobile-menu-container\">\r\n\t\t\t\t\t\t\t\t\t\t\t\t\t\t\t\t<ul id=\"menu-menu1-1\" class=\"premium-mobile-menu premium-main-mobile-menu premium-main-nav-menu\"><li id=\"premium-nav-menu-item-5681\" class=\"menu-item menu-item-type-post_type menu-item-object-page menu-item-home premium-nav-menu-item\"><a href=\"http:\/\/serviagroguatemala.com\/\" class=\"premium-menu-link premium-menu-link-parent premium-lq__none\">Inicio<\/a><\/li>\n<li id=\"premium-nav-menu-item-5522\" class=\"menu-item menu-item-type-post_type menu-item-object-page premium-nav-menu-item\"><a href=\"http:\/\/serviagroguatemala.com\/?page_id=392\" class=\"premium-menu-link premium-menu-link-parent premium-lq__none\">Nosotros<\/a><\/li>\n<li id=\"premium-nav-menu-item-5703\" class=\"menu-item menu-item-type-post_type menu-item-object-page premium-nav-menu-item\"><a href=\"http:\/\/serviagroguatemala.com\/?page_id=432\" class=\"premium-menu-link premium-menu-link-parent premium-lq__none\">Cat\u00e1logo<\/a><\/li>\n<li id=\"premium-nav-menu-item-6404\" class=\"menu-item menu-item-type-post_type menu-item-object-page premium-nav-menu-item\"><a href=\"http:\/\/serviagroguatemala.com\/?page_id=631\" class=\"premium-menu-link premium-menu-link-parent premium-lq__none\">Galer\u00eda<\/a><\/li>\n<li id=\"premium-nav-menu-item-6395\" class=\"menu-item menu-item-type-post_type menu-item-object-page premium-nav-menu-item\"><a href=\"http:\/\/serviagroguatemala.com\/?page_id=637\" class=\"premium-menu-link premium-menu-link-parent premium-lq__none\">Contacto<\/a><\/li>\n<\/ul>\t\t\t\t\t\t\t\t\t\t\t\t\t\t\t<\/div>\r\n\t\t\t\t\t\t\t\t\t<\/div>\r\n\t\t\t<\/div>\r\n\t\t\t\t\t\t<\/div>\n\t\t\t\t<\/div>\n\t\t\t\t\t<\/div>\n\t\t\t\t<\/div>\n\t\t<div class=\"has_eae_slider elementor-element elementor-element-2165890 e-flex e-con-boxed e-con e-parent\" data-eae-slider=\"90246\" data-id=\"2165890\" data-element_type=\"container\" data-settings=\"{&quot;background_background&quot;:&quot;classic&quot;}\">\n\t\t\t\t\t<div class=\"e-con-inner\">\n\t\t\t\t<div class=\"elementor-element elementor-element-55a8dd7 elementor-widget elementor-widget-image\" data-id=\"55a8dd7\" data-element_type=\"widget\" data-widget_type=\"image.default\">\n\t\t\t\t<div class=\"elementor-widget-container\">\n\t\t\t\t\t\t\t\t\t\t\t\t\t\t\t<img fetchpriority=\"high\" decoding=\"async\" width=\"1200\" height=\"337\" src=\"http:\/\/serviagroguatemala.com\/wp-content\/uploads\/2025\/07\/banner-jaladores.jpg\" class=\"attachment-full size-full wp-image-660\" alt=\"\" srcset=\"http:\/\/serviagroguatemala.com\/wp-content\/uploads\/2025\/07\/banner-jaladores.jpg 1200w, http:\/\/serviagroguatemala.com\/wp-content\/uploads\/2025\/07\/banner-jaladores-300x84.jpg 300w, http:\/\/serviagroguatemala.com\/wp-content\/uploads\/2025\/07\/banner-jaladores-1024x288.jpg 1024w, http:\/\/serviagroguatemala.com\/wp-content\/uploads\/2025\/07\/banner-jaladores-768x216.jpg 768w\" sizes=\"(max-width: 1200px) 100vw, 1200px\" \/>\t\t\t\t\t\t\t\t\t\t\t\t\t\t\t<\/div>\n\t\t\t\t<\/div>\n\t\t\t\t\t<\/div>\n\t\t\t\t<\/div>\n\t\t<div class=\"has_eae_slider elementor-element elementor-element-0c9dbcb e-flex e-con-boxed e-con e-parent\" data-eae-slider=\"73257\" data-id=\"0c9dbcb\" data-element_type=\"container\">\n\t\t\t\t\t<div class=\"e-con-inner\">\n\t\t<div class=\"has_eae_slider elementor-element elementor-element-c8e4104 e-con-full e-flex e-con e-child\" data-eae-slider=\"94349\" data-id=\"c8e4104\" data-element_type=\"container\">\n\t\t\t\t<div class=\"elementor-element elementor-element-ba0bdcf elementor-widget elementor-widget-image\" data-id=\"ba0bdcf\" data-element_type=\"widget\" data-widget_type=\"image.default\">\n\t\t\t\t<div class=\"elementor-widget-container\">\n\t\t\t\t\t\t\t\t\t\t\t\t\t\t\t<img decoding=\"async\" width=\"300\" height=\"206\" src=\"http:\/\/serviagroguatemala.com\/wp-content\/uploads\/2025\/07\/1-jalador-11-40-11-300x206.jpg\" class=\"attachment-medium size-medium wp-image-791\" alt=\"\" srcset=\"http:\/\/serviagroguatemala.com\/wp-content\/uploads\/2025\/07\/1-jalador-11-40-11-300x206.jpg 300w, http:\/\/serviagroguatemala.com\/wp-content\/uploads\/2025\/07\/1-jalador-11-40-11.jpg 637w\" sizes=\"(max-width: 300px) 100vw, 300px\" \/>\t\t\t\t\t\t\t\t\t\t\t\t\t\t\t<\/div>\n\t\t\t\t<\/div>\n\t\t\t\t<\/div>\n\t\t<div class=\"has_eae_slider elementor-element elementor-element-a1f723f e-con-full e-flex e-con e-child\" data-eae-slider=\"86482\" data-id=\"a1f723f\" data-element_type=\"container\">\n\t\t\t\t<div class=\"elementor-element elementor-element-f6a2604 elementor-widget elementor-widget-heading\" data-id=\"f6a2604\" data-element_type=\"widget\" data-widget_type=\"heading.default\">\n\t\t\t\t<div class=\"elementor-widget-container\">\n\t\t\t\t\t<h2 class=\"elementor-heading-title elementor-size-default\">JALADOR 11-40- 11 \/ BOLSA 25 KILOS<\/h2>\t\t\t\t<\/div>\n\t\t\t\t<\/div>\n\t\t\t\t<div class=\"elementor-element elementor-element-eb0fee0 elementor-widget elementor-widget-text-editor\" data-id=\"eb0fee0\" data-element_type=\"widget\" data-widget_type=\"text-editor.default\">\n\t\t\t\t<div class=\"elementor-widget-container\">\n\t\t\t\t\t\t\t\t\t<p><span style=\"font-size: 14pt;\">La relaci\u00f3n alta en F\u00f3sforo ayuda a suelos con deficiencia de este elemento y da un aporte ex\u00f3geno necesario para un mejor enraizamiento de la planta. El f\u00f3sforo es uno de los tres principales nutrientes que las plantas necesitan para prosperar. Esta f\u00f3rmula es especial cuando no se requiere de un crecimiento tan grande del follaje de la planta.<\/span><\/p>\t\t\t\t\t\t\t\t<\/div>\n\t\t\t\t<\/div>\n\t\t\t\t<\/div>\n\t\t\t\t\t<\/div>\n\t\t\t\t<\/div>\n\t\t<div class=\"has_eae_slider elementor-element elementor-element-0c6e53c e-flex e-con-boxed e-con e-parent\" data-eae-slider=\"92750\" data-id=\"0c6e53c\" data-element_type=\"container\">\n\t\t\t\t\t<div class=\"e-con-inner\">\n\t\t<div class=\"has_eae_slider elementor-element elementor-element-82b297d e-con-full e-flex e-con e-child\" data-eae-slider=\"1923\" data-id=\"82b297d\" data-element_type=\"container\">\n\t\t\t\t<div class=\"elementor-element elementor-element-343f84c elementor-widget elementor-widget-image\" data-id=\"343f84c\" data-element_type=\"widget\" data-widget_type=\"image.default\">\n\t\t\t\t<div class=\"elementor-widget-container\">\n\t\t\t\t\t\t\t\t\t\t\t\t\t\t\t<img decoding=\"async\" width=\"300\" height=\"206\" src=\"http:\/\/serviagroguatemala.com\/wp-content\/uploads\/2025\/07\/1-jalador-11-40-11-300x206.jpg\" class=\"attachment-medium size-medium wp-image-791\" alt=\"\" srcset=\"http:\/\/serviagroguatemala.com\/wp-content\/uploads\/2025\/07\/1-jalador-11-40-11-300x206.jpg 300w, http:\/\/serviagroguatemala.com\/wp-content\/uploads\/2025\/07\/1-jalador-11-40-11.jpg 637w\" sizes=\"(max-width: 300px) 100vw, 300px\" \/>\t\t\t\t\t\t\t\t\t\t\t\t\t\t\t<\/div>\n\t\t\t\t<\/div>\n\t\t\t\t<\/div>\n\t\t<div class=\"has_eae_slider elementor-element elementor-element-4633941 e-con-full e-flex e-con e-child\" data-eae-slider=\"74891\" data-id=\"4633941\" data-element_type=\"container\">\n\t\t\t\t<div class=\"elementor-element elementor-element-e40595d elementor-widget elementor-widget-heading\" data-id=\"e40595d\" data-element_type=\"widget\" data-widget_type=\"heading.default\">\n\t\t\t\t<div class=\"elementor-widget-container\">\n\t\t\t\t\t<h2 class=\"elementor-heading-title elementor-size-default\">JALADOR 20-20-20 \/ BOLSA 25 KILOS<\/h2>\t\t\t\t<\/div>\n\t\t\t\t<\/div>\n\t\t\t\t<div class=\"elementor-element elementor-element-5eefcc6 elementor-widget elementor-widget-text-editor\" data-id=\"5eefcc6\" data-element_type=\"widget\" data-widget_type=\"text-editor.default\">\n\t\t\t\t<div class=\"elementor-widget-container\">\n\t\t\t\t\t\t\t\t\t<p><span style=\"font-size: 14pt;\">Puede ser utilizado de manera foliar o al suelo para corregir deficiencias nutricionales en cultivos agr\u00edcolas. Est\u00e1 indicado para aquellos casos en los cuales la fertilizaci\u00f3n al suelo ha sido deficiente o bien como complemento a la misma, tambi\u00e9n cuando existe falta de asimilaci\u00f3n de nutrientes por condiciones clim\u00e1ticas desfavorables (sequ\u00eda, o exceso de lluvia).<\/span>\u00a0<\/p>\t\t\t\t\t\t\t\t<\/div>\n\t\t\t\t<\/div>\n\t\t\t\t<\/div>\n\t\t\t\t\t<\/div>\n\t\t\t\t<\/div>\n\t\t<div class=\"has_eae_slider elementor-element elementor-element-710fa8d e-flex e-con-boxed e-con e-parent\" data-eae-slider=\"6051\" data-id=\"710fa8d\" data-element_type=\"container\">\n\t\t\t\t\t<div class=\"e-con-inner\">\n\t\t<div class=\"has_eae_slider elementor-element elementor-element-25a06ee e-con-full e-flex e-con e-child\" data-eae-slider=\"58940\" data-id=\"25a06ee\" data-element_type=\"container\">\n\t\t\t\t<div class=\"elementor-element elementor-element-ae32222 elementor-widget elementor-widget-image\" data-id=\"ae32222\" data-element_type=\"widget\" data-widget_type=\"image.default\">\n\t\t\t\t<div class=\"elementor-widget-container\">\n\t\t\t\t\t\t\t\t\t\t\t\t\t\t\t<img decoding=\"async\" width=\"300\" height=\"206\" src=\"http:\/\/serviagroguatemala.com\/wp-content\/uploads\/2025\/07\/1-jalador-11-40-11-300x206.jpg\" class=\"attachment-medium size-medium wp-image-791\" alt=\"\" srcset=\"http:\/\/serviagroguatemala.com\/wp-content\/uploads\/2025\/07\/1-jalador-11-40-11-300x206.jpg 300w, http:\/\/serviagroguatemala.com\/wp-content\/uploads\/2025\/07\/1-jalador-11-40-11.jpg 637w\" sizes=\"(max-width: 300px) 100vw, 300px\" \/>\t\t\t\t\t\t\t\t\t\t\t\t\t\t\t<\/div>\n\t\t\t\t<\/div>\n\t\t\t\t<\/div>\n\t\t<div class=\"has_eae_slider elementor-element elementor-element-e3fe707 e-con-full e-flex e-con e-child\" data-eae-slider=\"42570\" data-id=\"e3fe707\" data-element_type=\"container\">\n\t\t\t\t<div class=\"elementor-element elementor-element-f8167ca elementor-widget elementor-widget-heading\" data-id=\"f8167ca\" data-element_type=\"widget\" data-widget_type=\"heading.default\">\n\t\t\t\t<div class=\"elementor-widget-container\">\n\t\t\t\t\t<h2 class=\"elementor-heading-title elementor-size-default\">JALADOR 5-10-40 \/ BOLSA 25 KILOS<\/h2>\t\t\t\t<\/div>\n\t\t\t\t<\/div>\n\t\t\t\t<div class=\"elementor-element elementor-element-f294aee elementor-widget elementor-widget-text-editor\" data-id=\"f294aee\" data-element_type=\"widget\" data-widget_type=\"text-editor.default\">\n\t\t\t\t<div class=\"elementor-widget-container\">\n\t\t\t\t\t\t\t\t\t<p><span style=\"font-size: 14pt;\">Puede ser utilizado de manera foliar o al suelo para todo tipo de cultivos de campo.El potasio (K) es uno de los nutrimentos esenciales para el crecimiento de las plantas. Es el elemento que esta relacionado estrechamente con la calidad de los frutos,<\/span><br \/><span style=\"font-size: 14pt;\">Est\u00e1 indicado para aquellos casos en los cuales la fertilizaci\u00f3n al suelo ha sido deficiente de potasio. <\/span><\/p>\t\t\t\t\t\t\t\t<\/div>\n\t\t\t\t<\/div>\n\t\t\t\t<\/div>\n\t\t\t\t\t<\/div>\n\t\t\t\t<\/div>\n\t\t<div class=\"has_eae_slider elementor-element elementor-element-67db44c e-flex e-con-boxed e-con e-parent\" data-eae-slider=\"18646\" data-id=\"67db44c\" data-element_type=\"container\" data-settings=\"{&quot;background_background&quot;:&quot;classic&quot;}\">\n\t\t\t\t\t<div class=\"e-con-inner\">\n\t\t\t\t<div class=\"elementor-element elementor-element-6c00650 elementor-widget elementor-widget-text-editor\" data-id=\"6c00650\" data-element_type=\"widget\" data-widget_type=\"text-editor.default\">\n\t\t\t\t<div class=\"elementor-widget-container\">\n\t\t\t\t\t\t\t\t\t<p style=\"text-align: center;\">\u00a9 Copyright 2024 \u2013 www.serviagroguatemala.com \u2013 All Rights Reserved<\/p>\t\t\t\t\t\t\t\t<\/div>\n\t\t\t\t<\/div>\n\t\t\t\t\t<\/div>\n\t\t\t\t<\/div>\n\t\t\t\t<\/div>\n\t\t","protected":false},"excerpt":{"rendered":"<p>Menu Close Inicio Nosotros Cat\u00e1logo Galer\u00eda Contacto Inicio Nosotros Cat\u00e1logo Galer\u00eda Contacto JALADOR 11-40- 11 \/ BOLSA 25 KILOS La relaci\u00f3n alta en F\u00f3sforo ayuda a suelos con deficiencia de este elemento y da un aporte ex\u00f3geno necesario para un mejor enraizamiento de la planta. El f\u00f3sforo es uno de los tres principales nutrientes que [&hellip;]<\/p>\n","protected":false},"author":1,"featured_media":0,"parent":0,"menu_order":0,"comment_status":"closed","ping_status":"closed","template":"elementor_canvas","meta":{"footnotes":"","_links_to":"","_links_to_target":""},"class_list":["post-627","page","type-page","status-publish","hentry"],"_links":{"self":[{"href":"http:\/\/serviagroguatemala.com\/index.php?rest_route=\/wp\/v2\/pages\/627","targetHints":{"allow":["GET"]}}],"collection":[{"href":"http:\/\/serviagroguatemala.com\/index.php?rest_route=\/wp\/v2\/pages"}],"about":[{"href":"http:\/\/serviagroguatemala.com\/index.php?rest_route=\/wp\/v2\/types\/page"}],"author":[{"embeddable":true,"href":"http:\/\/serviagroguatemala.com\/index.php?rest_route=\/wp\/v2\/users\/1"}],"replies":[{"embeddable":true,"href":"http:\/\/serviagroguatemala.com\/index.php?rest_route=%2Fwp%2Fv2%2Fcomments&post=627"}],"version-history":[{"count":16,"href":"http:\/\/serviagroguatemala.com\/index.php?rest_route=\/wp\/v2\/pages\/627\/revisions"}],"predecessor-version":[{"id":863,"href":"http:\/\/serviagroguatemala.com\/index.php?rest_route=\/wp\/v2\/pages\/627\/revisions\/863"}],"wp:attachment":[{"href":"http:\/\/serviagroguatemala.com\/index.php?rest_route=%2Fwp%2Fv2%2Fmedia&parent=627"}],"curies":[{"name":"wp","href":"https:\/\/api.w.org\/{rel}","templated":true}]}}