{"id":623,"date":"2025-07-15T02:18:55","date_gmt":"2025-07-15T02:18:55","guid":{"rendered":"http:\/\/serviagroguatemala.com\/?page_id=623"},"modified":"2025-07-17T01:40:07","modified_gmt":"2025-07-17T01:40:07","slug":"grow-more","status":"publish","type":"page","link":"http:\/\/serviagroguatemala.com\/?page_id=623","title":{"rendered":"Grow-More"},"content":{"rendered":"\t\t<div data-elementor-type=\"wp-page\" data-elementor-id=\"623\" class=\"elementor elementor-623\">\n\t\t\t\t<div class=\"has_eae_slider elementor-element elementor-element-dc438c8 e-flex e-con-boxed e-con e-parent\" data-eae-slider=\"36324\" data-id=\"dc438c8\" data-element_type=\"container\" data-settings=\"{&quot;background_background&quot;:&quot;classic&quot;}\">\n\t\t\t\t\t<div class=\"e-con-inner\">\n\t\t\t\t<div class=\"elementor-element elementor-element-297c413 premium-nav-hor premium-nav-none premium-ham-dropdown elementor-widget elementor-widget-premium-nav-menu\" data-id=\"297c413\" data-element_type=\"widget\" data-settings=\"{&quot;submenu_icon&quot;:{&quot;value&quot;:&quot;fas fa-angle-down&quot;,&quot;library&quot;:&quot;fa-solid&quot;},&quot;submenu_item_icon&quot;:{&quot;value&quot;:&quot;&quot;,&quot;library&quot;:&quot;&quot;}}\" data-widget_type=\"premium-nav-menu.default\">\n\t\t\t\t<div class=\"elementor-widget-container\">\n\t\t\t\t\t\t\t\t<div data-settings=\"{&quot;breakpoint&quot;:1024,&quot;mobileLayout&quot;:&quot;dropdown&quot;,&quot;mainLayout&quot;:&quot;hor&quot;,&quot;stretchDropdown&quot;:false,&quot;hoverEffect&quot;:&quot;&quot;,&quot;submenuEvent&quot;:&quot;hover&quot;,&quot;submenuTrigger&quot;:&quot;item&quot;,&quot;closeAfterClick&quot;:false,&quot;renderMobileMenu&quot;:true}\" class=\"premium-nav-widget-container premium-nav-pointer-none\" style=\"visibility:hidden; opacity:0;\">\r\n\t\t\t\t<div class=\"premium-ver-inner-container\">\r\n\t\t\t\t\t\t\t\t\t<div class=\"premium-hamburger-toggle premium-mobile-menu-icon\" role=\"button\" aria-label=\"Toggle Menu\">\r\n\t\t\t\t\t\t<span class=\"premium-toggle-text\">\r\n\t\t\t\t\t\t\t<i aria-hidden=\"true\" class=\"fas fa-bars\"><\/i>Menu\t\t\t\t\t\t<\/span>\r\n\t\t\t\t\t\t<span class=\"premium-toggle-close\">\r\n\t\t\t\t\t\t\t<i aria-hidden=\"true\" class=\"fas fa-times\"><\/i>Close\t\t\t\t\t\t<\/span>\r\n\t\t\t\t\t<\/div>\r\n\t\t\t\t\t\t\t\t\t\t\t\t<div class=\"premium-nav-menu-container premium-nav-default\">\r\n\t\t\t\t\t\t\t\t<ul id=\"menu-menu1\" class=\"premium-nav-menu premium-main-nav-menu\"><li id=\"premium-nav-menu-item-568\" class=\"menu-item menu-item-type-post_type menu-item-object-page menu-item-home premium-nav-menu-item\"><a href=\"http:\/\/serviagroguatemala.com\/\" class=\"premium-menu-link premium-menu-link-parent premium-lq__none\">Inicio<\/a><\/li>\n<li id=\"premium-nav-menu-item-552\" class=\"menu-item menu-item-type-post_type menu-item-object-page premium-nav-menu-item\"><a href=\"http:\/\/serviagroguatemala.com\/?page_id=392\" class=\"premium-menu-link premium-menu-link-parent premium-lq__none\">Nosotros<\/a><\/li>\n<li id=\"premium-nav-menu-item-570\" class=\"menu-item menu-item-type-post_type menu-item-object-page premium-nav-menu-item\"><a href=\"http:\/\/serviagroguatemala.com\/?page_id=432\" class=\"premium-menu-link premium-menu-link-parent premium-lq__none\">Cat\u00e1logo<\/a><\/li>\n<li id=\"premium-nav-menu-item-640\" class=\"menu-item menu-item-type-post_type menu-item-object-page premium-nav-menu-item\"><a href=\"http:\/\/serviagroguatemala.com\/?page_id=631\" class=\"premium-menu-link premium-menu-link-parent premium-lq__none\">Galer\u00eda<\/a><\/li>\n<li id=\"premium-nav-menu-item-639\" class=\"menu-item menu-item-type-post_type menu-item-object-page premium-nav-menu-item\"><a href=\"http:\/\/serviagroguatemala.com\/?page_id=637\" class=\"premium-menu-link premium-menu-link-parent premium-lq__none\">Contacto<\/a><\/li>\n<\/ul>\t\t\t\t\t\t\t<\/div>\r\n\t\t\t\t\t\t\t\t\t\t\t\t<div class=\"premium-mobile-menu-container\">\r\n\t\t\t\t\t\t\t\t\t\t\t\t\t\t\t\t<ul id=\"menu-menu1-1\" class=\"premium-mobile-menu premium-main-mobile-menu premium-main-nav-menu\"><li id=\"premium-nav-menu-item-5681\" class=\"menu-item menu-item-type-post_type menu-item-object-page menu-item-home premium-nav-menu-item\"><a href=\"http:\/\/serviagroguatemala.com\/\" class=\"premium-menu-link premium-menu-link-parent premium-lq__none\">Inicio<\/a><\/li>\n<li id=\"premium-nav-menu-item-5522\" class=\"menu-item menu-item-type-post_type menu-item-object-page premium-nav-menu-item\"><a href=\"http:\/\/serviagroguatemala.com\/?page_id=392\" class=\"premium-menu-link premium-menu-link-parent premium-lq__none\">Nosotros<\/a><\/li>\n<li id=\"premium-nav-menu-item-5703\" class=\"menu-item menu-item-type-post_type menu-item-object-page premium-nav-menu-item\"><a href=\"http:\/\/serviagroguatemala.com\/?page_id=432\" class=\"premium-menu-link premium-menu-link-parent premium-lq__none\">Cat\u00e1logo<\/a><\/li>\n<li id=\"premium-nav-menu-item-6404\" class=\"menu-item menu-item-type-post_type menu-item-object-page premium-nav-menu-item\"><a href=\"http:\/\/serviagroguatemala.com\/?page_id=631\" class=\"premium-menu-link premium-menu-link-parent premium-lq__none\">Galer\u00eda<\/a><\/li>\n<li id=\"premium-nav-menu-item-6395\" class=\"menu-item menu-item-type-post_type menu-item-object-page premium-nav-menu-item\"><a href=\"http:\/\/serviagroguatemala.com\/?page_id=637\" class=\"premium-menu-link premium-menu-link-parent premium-lq__none\">Contacto<\/a><\/li>\n<\/ul>\t\t\t\t\t\t\t\t\t\t\t\t\t\t\t<\/div>\r\n\t\t\t\t\t\t\t\t\t<\/div>\r\n\t\t\t<\/div>\r\n\t\t\t\t\t\t<\/div>\n\t\t\t\t<\/div>\n\t\t\t\t\t<\/div>\n\t\t\t\t<\/div>\n\t\t<div class=\"has_eae_slider elementor-element elementor-element-5425c88 e-flex e-con-boxed e-con e-parent\" data-eae-slider=\"85038\" data-id=\"5425c88\" data-element_type=\"container\" data-settings=\"{&quot;background_background&quot;:&quot;classic&quot;}\">\n\t\t\t\t\t<div class=\"e-con-inner\">\n\t\t\t\t<div class=\"elementor-element elementor-element-9fc8890 elementor-widget elementor-widget-image\" data-id=\"9fc8890\" data-element_type=\"widget\" data-widget_type=\"image.default\">\n\t\t\t\t<div class=\"elementor-widget-container\">\n\t\t\t\t\t\t\t\t\t\t\t\t\t\t\t<img fetchpriority=\"high\" decoding=\"async\" width=\"1200\" height=\"337\" src=\"http:\/\/serviagroguatemala.com\/wp-content\/uploads\/2025\/07\/banner-growmore.jpg\" class=\"attachment-full size-full wp-image-650\" alt=\"\" srcset=\"http:\/\/serviagroguatemala.com\/wp-content\/uploads\/2025\/07\/banner-growmore.jpg 1200w, http:\/\/serviagroguatemala.com\/wp-content\/uploads\/2025\/07\/banner-growmore-300x84.jpg 300w, http:\/\/serviagroguatemala.com\/wp-content\/uploads\/2025\/07\/banner-growmore-1024x288.jpg 1024w, http:\/\/serviagroguatemala.com\/wp-content\/uploads\/2025\/07\/banner-growmore-768x216.jpg 768w\" sizes=\"(max-width: 1200px) 100vw, 1200px\" \/>\t\t\t\t\t\t\t\t\t\t\t\t\t\t\t<\/div>\n\t\t\t\t<\/div>\n\t\t\t\t\t<\/div>\n\t\t\t\t<\/div>\n\t\t<div class=\"has_eae_slider elementor-element elementor-element-1fc4381 e-flex e-con-boxed e-con e-parent\" data-eae-slider=\"17330\" data-id=\"1fc4381\" data-element_type=\"container\">\n\t\t\t\t\t<div class=\"e-con-inner\">\n\t\t<div class=\"has_eae_slider elementor-element elementor-element-c73e8b2 e-con-full e-flex e-con e-child\" data-eae-slider=\"89843\" data-id=\"c73e8b2\" data-element_type=\"container\">\n\t\t\t\t<div class=\"elementor-element elementor-element-abd5d20 elementor-widget elementor-widget-image\" data-id=\"abd5d20\" data-element_type=\"widget\" data-widget_type=\"image.default\">\n\t\t\t\t<div class=\"elementor-widget-container\">\n\t\t\t\t\t\t\t\t\t\t\t\t\t\t\t<img decoding=\"async\" width=\"286\" height=\"300\" src=\"http:\/\/serviagroguatemala.com\/wp-content\/uploads\/2025\/07\/1-20-20-20-286x300.jpg\" class=\"attachment-medium size-medium wp-image-773\" alt=\"\" srcset=\"http:\/\/serviagroguatemala.com\/wp-content\/uploads\/2025\/07\/1-20-20-20-286x300.jpg 286w, http:\/\/serviagroguatemala.com\/wp-content\/uploads\/2025\/07\/1-20-20-20.jpg 517w\" sizes=\"(max-width: 286px) 100vw, 286px\" \/>\t\t\t\t\t\t\t\t\t\t\t\t\t\t\t<\/div>\n\t\t\t\t<\/div>\n\t\t\t\t<\/div>\n\t\t<div class=\"has_eae_slider elementor-element elementor-element-ebfbdff e-con-full e-flex e-con e-child\" data-eae-slider=\"42338\" data-id=\"ebfbdff\" data-element_type=\"container\">\n\t\t\t\t<div class=\"elementor-element elementor-element-c4fabea elementor-widget elementor-widget-heading\" data-id=\"c4fabea\" data-element_type=\"widget\" data-widget_type=\"heading.default\">\n\t\t\t\t<div class=\"elementor-widget-container\">\n\t\t\t\t\t<h2 class=\"elementor-heading-title elementor-size-default\">GROW MORE 20-20-20 \/ BOLSA 25 LBS, KILO<\/h2>\t\t\t\t<\/div>\n\t\t\t\t<\/div>\n\t\t\t\t<div class=\"elementor-element elementor-element-0fe3021 elementor-widget elementor-widget-text-editor\" data-id=\"0fe3021\" data-element_type=\"widget\" data-widget_type=\"text-editor.default\">\n\t\t\t\t<div class=\"elementor-widget-container\">\n\t\t\t\t\t\t\t\t\t<p><span style=\"font-size: 14pt;\">Esta es una f\u00f3rmula muy completa y perfectamente balanceada, para fin de que usted pueda producir un cultivo con rendimientos \u00f3ptimos. Dise\u00f1ado para los climas fr\u00edos de temperatura, calurosos o el tiempo de primavera, cuando las plantas necesitan el vigor y el crecimiento adicional.<\/span><\/p>\t\t\t\t\t\t\t\t<\/div>\n\t\t\t\t<\/div>\n\t\t\t\t<\/div>\n\t\t\t\t\t<\/div>\n\t\t\t\t<\/div>\n\t\t<div class=\"has_eae_slider elementor-element elementor-element-d4263f0 e-flex e-con-boxed e-con e-parent\" data-eae-slider=\"73177\" data-id=\"d4263f0\" data-element_type=\"container\">\n\t\t\t\t\t<div class=\"e-con-inner\">\n\t\t<div class=\"has_eae_slider elementor-element elementor-element-d1a257f e-con-full e-flex e-con e-child\" data-eae-slider=\"63240\" data-id=\"d1a257f\" data-element_type=\"container\">\n\t\t\t\t<div class=\"elementor-element elementor-element-9ccf645 elementor-widget elementor-widget-image\" data-id=\"9ccf645\" data-element_type=\"widget\" data-widget_type=\"image.default\">\n\t\t\t\t<div class=\"elementor-widget-container\">\n\t\t\t\t\t\t\t\t\t\t\t\t\t\t\t<img decoding=\"async\" width=\"286\" height=\"300\" src=\"http:\/\/serviagroguatemala.com\/wp-content\/uploads\/2025\/07\/1-20-20-20-286x300.jpg\" class=\"attachment-medium size-medium wp-image-773\" alt=\"\" srcset=\"http:\/\/serviagroguatemala.com\/wp-content\/uploads\/2025\/07\/1-20-20-20-286x300.jpg 286w, http:\/\/serviagroguatemala.com\/wp-content\/uploads\/2025\/07\/1-20-20-20.jpg 517w\" sizes=\"(max-width: 286px) 100vw, 286px\" \/>\t\t\t\t\t\t\t\t\t\t\t\t\t\t\t<\/div>\n\t\t\t\t<\/div>\n\t\t\t\t<\/div>\n\t\t<div class=\"has_eae_slider elementor-element elementor-element-a901078 e-con-full e-flex e-con e-child\" data-eae-slider=\"13956\" data-id=\"a901078\" data-element_type=\"container\">\n\t\t\t\t<div class=\"elementor-element elementor-element-d8eb8df elementor-widget elementor-widget-heading\" data-id=\"d8eb8df\" data-element_type=\"widget\" data-widget_type=\"heading.default\">\n\t\t\t\t<div class=\"elementor-widget-container\">\n\t\t\t\t\t<h2 class=\"elementor-heading-title elementor-size-default\">GROW MORE 10-52-10 \/ BOLSA 25 LBS, KILO<\/h2>\t\t\t\t<\/div>\n\t\t\t\t<\/div>\n\t\t\t\t<div class=\"elementor-element elementor-element-de075c8 elementor-widget elementor-widget-text-editor\" data-id=\"de075c8\" data-element_type=\"widget\" data-widget_type=\"text-editor.default\">\n\t\t\t\t<div class=\"elementor-widget-container\">\n\t\t\t\t\t\t\t\t\t<p><span style=\"font-size: 14pt;\">F\u00f3rmula alta en fosforo utilizado en plantas ideal para la correcci\u00f3n de una deficiencia o como un motor de arranque de plantas j\u00f3venes.\u00a0No hay cloruros.\u00a0100% soluble.\u00a0Se Recomienda su uso tambi\u00e9n para las hortalizas cultivadas en condiciones de clima fr\u00edo.\u00a0La absorci\u00f3n de f\u00f3sforo es r\u00e1pida y eficaz.<\/span><\/p>\t\t\t\t\t\t\t\t<\/div>\n\t\t\t\t<\/div>\n\t\t\t\t<\/div>\n\t\t\t\t\t<\/div>\n\t\t\t\t<\/div>\n\t\t<div class=\"has_eae_slider elementor-element elementor-element-635ca80 e-flex e-con-boxed e-con e-parent\" data-eae-slider=\"82982\" data-id=\"635ca80\" data-element_type=\"container\">\n\t\t\t\t\t<div class=\"e-con-inner\">\n\t\t<div class=\"has_eae_slider elementor-element elementor-element-7d3cd1e e-con-full e-flex e-con e-child\" data-eae-slider=\"99973\" data-id=\"7d3cd1e\" data-element_type=\"container\">\n\t\t\t\t<div class=\"elementor-element elementor-element-981cef0 elementor-widget elementor-widget-image\" data-id=\"981cef0\" data-element_type=\"widget\" data-widget_type=\"image.default\">\n\t\t\t\t<div class=\"elementor-widget-container\">\n\t\t\t\t\t\t\t\t\t\t\t\t\t\t\t<img decoding=\"async\" width=\"286\" height=\"300\" src=\"http:\/\/serviagroguatemala.com\/wp-content\/uploads\/2025\/07\/1-20-20-20-286x300.jpg\" class=\"attachment-medium size-medium wp-image-773\" alt=\"\" srcset=\"http:\/\/serviagroguatemala.com\/wp-content\/uploads\/2025\/07\/1-20-20-20-286x300.jpg 286w, http:\/\/serviagroguatemala.com\/wp-content\/uploads\/2025\/07\/1-20-20-20.jpg 517w\" sizes=\"(max-width: 286px) 100vw, 286px\" \/>\t\t\t\t\t\t\t\t\t\t\t\t\t\t\t<\/div>\n\t\t\t\t<\/div>\n\t\t\t\t<\/div>\n\t\t<div class=\"has_eae_slider elementor-element elementor-element-8f4704b e-con-full e-flex e-con e-child\" data-eae-slider=\"32837\" data-id=\"8f4704b\" data-element_type=\"container\">\n\t\t\t\t<div class=\"elementor-element elementor-element-cb07cf7 elementor-widget elementor-widget-heading\" data-id=\"cb07cf7\" data-element_type=\"widget\" data-widget_type=\"heading.default\">\n\t\t\t\t<div class=\"elementor-widget-container\">\n\t\t\t\t\t<h2 class=\"elementor-heading-title elementor-size-default\">GROW MORE 5-10-40 \/ BOLSA 25 LBS, KILO<\/h2>\t\t\t\t<\/div>\n\t\t\t\t<\/div>\n\t\t\t\t<div class=\"elementor-element elementor-element-406fbbe elementor-widget elementor-widget-text-editor\" data-id=\"406fbbe\" data-element_type=\"widget\" data-widget_type=\"text-editor.default\">\n\t\t\t\t<div class=\"elementor-widget-container\">\n\t\t\t\t\t\t\t\t\t<p><span style=\"font-size: 14pt;\">Grow More Es un fertilizante 100% soluble en agua que puede ser utilizado de manera foliar o al suelo para corregir deficiencias nutricionales en cultivos agr\u00edcolas. Est\u00e1 indicado para aquellos casos en los cuales la fertilizaci\u00f3n al suelo ha sido deficiente o bien como complemento a la misma, tambi\u00e9n cuando existe falta de asimilaci\u00f3n de nutrientes por condiciones clim\u00e1ticas desfavorables (sequ\u00eda, o exceso de lluvia).<\/span><\/p>\t\t\t\t\t\t\t\t<\/div>\n\t\t\t\t<\/div>\n\t\t\t\t<\/div>\n\t\t\t\t\t<\/div>\n\t\t\t\t<\/div>\n\t\t<div class=\"has_eae_slider elementor-element elementor-element-14b602b e-flex e-con-boxed e-con e-parent\" data-eae-slider=\"77146\" data-id=\"14b602b\" data-element_type=\"container\">\n\t\t\t\t\t<div class=\"e-con-inner\">\n\t\t<div class=\"has_eae_slider elementor-element elementor-element-ab1f0e9 e-con-full e-flex e-con e-child\" data-eae-slider=\"33547\" data-id=\"ab1f0e9\" data-element_type=\"container\">\n\t\t\t\t<div class=\"elementor-element elementor-element-d9ba789 elementor-widget elementor-widget-image\" data-id=\"d9ba789\" data-element_type=\"widget\" data-widget_type=\"image.default\">\n\t\t\t\t<div class=\"elementor-widget-container\">\n\t\t\t\t\t\t\t\t\t\t\t\t\t\t\t<img decoding=\"async\" width=\"232\" height=\"300\" src=\"http:\/\/serviagroguatemala.com\/wp-content\/uploads\/2025\/07\/2-0-40-40-232x300.jpg\" class=\"attachment-medium size-medium wp-image-774\" alt=\"\" srcset=\"http:\/\/serviagroguatemala.com\/wp-content\/uploads\/2025\/07\/2-0-40-40-232x300.jpg 232w, http:\/\/serviagroguatemala.com\/wp-content\/uploads\/2025\/07\/2-0-40-40.jpg 400w\" sizes=\"(max-width: 232px) 100vw, 232px\" \/>\t\t\t\t\t\t\t\t\t\t\t\t\t\t\t<\/div>\n\t\t\t\t<\/div>\n\t\t\t\t<\/div>\n\t\t<div class=\"has_eae_slider elementor-element elementor-element-a8d96e0 e-con-full e-flex e-con e-child\" data-eae-slider=\"85499\" data-id=\"a8d96e0\" data-element_type=\"container\">\n\t\t\t\t<div class=\"elementor-element elementor-element-fe0400a elementor-widget elementor-widget-heading\" data-id=\"fe0400a\" data-element_type=\"widget\" data-widget_type=\"heading.default\">\n\t\t\t\t<div class=\"elementor-widget-container\">\n\t\t\t\t\t<h2 class=\"elementor-heading-title elementor-size-default\">GROW MORE 0-40-40 \/ BOLSA 25 LBS<\/h2>\t\t\t\t<\/div>\n\t\t\t\t<\/div>\n\t\t\t\t<div class=\"elementor-element elementor-element-e3ed90a elementor-widget elementor-widget-text-editor\" data-id=\"e3ed90a\" data-element_type=\"widget\" data-widget_type=\"text-editor.default\">\n\t\t\t\t<div class=\"elementor-widget-container\">\n\t\t\t\t\t\t\t\t\t<p><span style=\"font-size: 14pt;\">Esta f\u00f3rmula es ideal para cuando el productor desea retirar por completo todo suministro de Nitr\u00f3geno a su cultivo o cuando \u00e9ste simplemente no requiere Nitr\u00f3geno para su desarrollo. Los niveles de f\u00f3sforo que contiene le permiten inducir una excelente floraci\u00f3n al tiempo que el potasio le dar\u00e1 crecimiento, color, sabor y consistencia al fruto en desarrollo.<\/span><\/p>\t\t\t\t\t\t\t\t<\/div>\n\t\t\t\t<\/div>\n\t\t\t\t<\/div>\n\t\t\t\t\t<\/div>\n\t\t\t\t<\/div>\n\t\t<div class=\"has_eae_slider elementor-element elementor-element-65a6d3b e-flex e-con-boxed e-con e-parent\" data-eae-slider=\"90309\" data-id=\"65a6d3b\" data-element_type=\"container\">\n\t\t\t\t\t<div class=\"e-con-inner\">\n\t\t<div class=\"has_eae_slider elementor-element elementor-element-e8fe4a7 e-con-full e-flex e-con e-child\" data-eae-slider=\"43581\" data-id=\"e8fe4a7\" data-element_type=\"container\">\n\t\t\t\t<div class=\"elementor-element elementor-element-03c19dd elementor-widget elementor-widget-image\" data-id=\"03c19dd\" data-element_type=\"widget\" data-widget_type=\"image.default\">\n\t\t\t\t<div class=\"elementor-widget-container\">\n\t\t\t\t\t\t\t\t\t\t\t\t\t\t\t<img loading=\"lazy\" decoding=\"async\" width=\"300\" height=\"285\" src=\"http:\/\/serviagroguatemala.com\/wp-content\/uploads\/2025\/07\/3-acido-humico-granular-300x285.jpg\" class=\"attachment-medium size-medium wp-image-775\" alt=\"\" srcset=\"http:\/\/serviagroguatemala.com\/wp-content\/uploads\/2025\/07\/3-acido-humico-granular-300x285.jpg 300w, http:\/\/serviagroguatemala.com\/wp-content\/uploads\/2025\/07\/3-acido-humico-granular.jpg 498w\" sizes=\"(max-width: 300px) 100vw, 300px\" \/>\t\t\t\t\t\t\t\t\t\t\t\t\t\t\t<\/div>\n\t\t\t\t<\/div>\n\t\t\t\t<\/div>\n\t\t<div class=\"has_eae_slider elementor-element elementor-element-b5c5ee5 e-con-full e-flex e-con e-child\" data-eae-slider=\"50801\" data-id=\"b5c5ee5\" data-element_type=\"container\">\n\t\t\t\t<div class=\"elementor-element elementor-element-4ef6e0e elementor-widget elementor-widget-heading\" data-id=\"4ef6e0e\" data-element_type=\"widget\" data-widget_type=\"heading.default\">\n\t\t\t\t<div class=\"elementor-widget-container\">\n\t\t\t\t\t<h2 class=\"elementor-heading-title elementor-size-default\">ACIDO HUMICO GRANULAR \/ BOLSA 50 LBS<\/h2>\t\t\t\t<\/div>\n\t\t\t\t<\/div>\n\t\t\t\t<div class=\"elementor-element elementor-element-9a314f6 elementor-widget elementor-widget-text-editor\" data-id=\"9a314f6\" data-element_type=\"widget\" data-widget_type=\"text-editor.default\">\n\t\t\t\t<div class=\"elementor-widget-container\">\n\t\t\t\t\t\t\t\t\t<p><span style=\"font-size: 14pt;\"><strong>COMPONENTES:<\/strong> <\/span><br \/><span style=\"font-size: 14pt;\">Acido H\u00famico: 75 %<\/span><br \/><span style=\"font-size: 14pt;\">\u00c1cido F\u00falvico: 14 % <\/span><br \/><span style=\"font-size: 14pt;\">De forma general la aplicaci\u00f3n de \u00e1cidos h\u00famicos en el suelo, contribuyen al desbloqueo de los nutrientes y act\u00faa como agente acomplejante natural, facilitando la asimilaci\u00f3n de los mismos en la planta.<\/span><\/p>\t\t\t\t\t\t\t\t<\/div>\n\t\t\t\t<\/div>\n\t\t\t\t<\/div>\n\t\t\t\t\t<\/div>\n\t\t\t\t<\/div>\n\t\t<div class=\"has_eae_slider elementor-element elementor-element-7ae2c38 e-flex e-con-boxed e-con e-parent\" data-eae-slider=\"890\" data-id=\"7ae2c38\" data-element_type=\"container\">\n\t\t\t\t\t<div class=\"e-con-inner\">\n\t\t<div class=\"has_eae_slider elementor-element elementor-element-9b41446 e-con-full e-flex e-con e-child\" data-eae-slider=\"8303\" data-id=\"9b41446\" data-element_type=\"container\">\n\t\t\t\t<div class=\"elementor-element elementor-element-0434111 elementor-widget elementor-widget-image\" data-id=\"0434111\" data-element_type=\"widget\" data-widget_type=\"image.default\">\n\t\t\t\t<div class=\"elementor-widget-container\">\n\t\t\t\t\t\t\t\t\t\t\t\t\t\t\t<img loading=\"lazy\" decoding=\"async\" width=\"260\" height=\"300\" src=\"http:\/\/serviagroguatemala.com\/wp-content\/uploads\/2025\/07\/4-seaweed-extract-260x300.jpg\" class=\"attachment-medium size-medium wp-image-776\" alt=\"\" srcset=\"http:\/\/serviagroguatemala.com\/wp-content\/uploads\/2025\/07\/4-seaweed-extract-260x300.jpg 260w, http:\/\/serviagroguatemala.com\/wp-content\/uploads\/2025\/07\/4-seaweed-extract.jpg 486w\" sizes=\"(max-width: 260px) 100vw, 260px\" \/>\t\t\t\t\t\t\t\t\t\t\t\t\t\t\t<\/div>\n\t\t\t\t<\/div>\n\t\t\t\t<\/div>\n\t\t<div class=\"has_eae_slider elementor-element elementor-element-8f49a5a e-con-full e-flex e-con e-child\" data-eae-slider=\"71221\" data-id=\"8f49a5a\" data-element_type=\"container\">\n\t\t\t\t<div class=\"elementor-element elementor-element-cf80b5b elementor-widget elementor-widget-heading\" data-id=\"cf80b5b\" data-element_type=\"widget\" data-widget_type=\"heading.default\">\n\t\t\t\t<div class=\"elementor-widget-container\">\n\t\t\t\t\t<h2 class=\"elementor-heading-title elementor-size-default\">SEAWEED EXTRACT \/ LITRO, GALON<\/h2>\t\t\t\t<\/div>\n\t\t\t\t<\/div>\n\t\t\t\t<div class=\"elementor-element elementor-element-e2d73b0 elementor-widget elementor-widget-text-editor\" data-id=\"e2d73b0\" data-element_type=\"widget\" data-widget_type=\"text-editor.default\">\n\t\t\t\t<div class=\"elementor-widget-container\">\n\t\t\t\t\t\t\t\t\t<p><span style=\"font-size: 14pt;\"><strong>COMPONENTES:<\/strong><\/span> <br \/>Algas Marinas: 80 %, Magnesio, F\u00f3sforo, Potasio, Calcio, Boro, Cobre, Hierro, \u00c1cido Alg\u00ednico, Materia Org\u00e1nica, Vitaminas, Amino\u00e1cidos (Acido Glut\u00e1mico, Asp\u00e1rtico, Arginina) <br \/>Estimula un sistema de ra\u00edces vigoroso. <br \/>Mejora el color y la calidad de frutas y verduras. <br \/>Promueve el follaje de color verde oscuro sin crecimiento <br \/>superior. <br \/>Reduce el impacto del trasplante. <br \/>Germinaci\u00f3n m\u00e1s r\u00e1pida de la semilla. <br \/>Estimula la respuesta de resistencia de las plantas (SAR).<\/p>\t\t\t\t\t\t\t\t<\/div>\n\t\t\t\t<\/div>\n\t\t\t\t<\/div>\n\t\t\t\t\t<\/div>\n\t\t\t\t<\/div>\n\t\t<div class=\"has_eae_slider elementor-element elementor-element-7db086b e-flex e-con-boxed e-con e-parent\" data-eae-slider=\"97304\" data-id=\"7db086b\" data-element_type=\"container\" data-settings=\"{&quot;background_background&quot;:&quot;classic&quot;}\">\n\t\t\t\t\t<div class=\"e-con-inner\">\n\t\t\t\t<div class=\"elementor-element elementor-element-eff16c9 elementor-widget elementor-widget-text-editor\" data-id=\"eff16c9\" data-element_type=\"widget\" data-widget_type=\"text-editor.default\">\n\t\t\t\t<div class=\"elementor-widget-container\">\n\t\t\t\t\t\t\t\t\t<p style=\"text-align: center;\">\u00a9 Copyright 2024 \u2013 www.serviagroguatemala.com \u2013 All Rights Reserved<\/p>\t\t\t\t\t\t\t\t<\/div>\n\t\t\t\t<\/div>\n\t\t\t\t\t<\/div>\n\t\t\t\t<\/div>\n\t\t\t\t<\/div>\n\t\t","protected":false},"excerpt":{"rendered":"<p>Menu Close Inicio Nosotros Cat\u00e1logo Galer\u00eda Contacto Inicio Nosotros Cat\u00e1logo Galer\u00eda Contacto GROW MORE 20-20-20 \/ BOLSA 25 LBS, KILO Esta es una f\u00f3rmula muy completa y perfectamente balanceada, para fin de que usted pueda producir un cultivo con rendimientos \u00f3ptimos. Dise\u00f1ado para los climas fr\u00edos de temperatura, calurosos o el tiempo de primavera, cuando [&hellip;]<\/p>\n","protected":false},"author":1,"featured_media":0,"parent":0,"menu_order":0,"comment_status":"closed","ping_status":"closed","template":"elementor_canvas","meta":{"footnotes":"","_links_to":"","_links_to_target":""},"class_list":["post-623","page","type-page","status-publish","hentry"],"_links":{"self":[{"href":"http:\/\/serviagroguatemala.com\/index.php?rest_route=\/wp\/v2\/pages\/623","targetHints":{"allow":["GET"]}}],"collection":[{"href":"http:\/\/serviagroguatemala.com\/index.php?rest_route=\/wp\/v2\/pages"}],"about":[{"href":"http:\/\/serviagroguatemala.com\/index.php?rest_route=\/wp\/v2\/types\/page"}],"author":[{"embeddable":true,"href":"http:\/\/serviagroguatemala.com\/index.php?rest_route=\/wp\/v2\/users\/1"}],"replies":[{"embeddable":true,"href":"http:\/\/serviagroguatemala.com\/index.php?rest_route=%2Fwp%2Fv2%2Fcomments&post=623"}],"version-history":[{"count":16,"href":"http:\/\/serviagroguatemala.com\/index.php?rest_route=\/wp\/v2\/pages\/623\/revisions"}],"predecessor-version":[{"id":857,"href":"http:\/\/serviagroguatemala.com\/index.php?rest_route=\/wp\/v2\/pages\/623\/revisions\/857"}],"wp:attachment":[{"href":"http:\/\/serviagroguatemala.com\/index.php?rest_route=%2Fwp%2Fv2%2Fmedia&parent=623"}],"curies":[{"name":"wp","href":"https:\/\/api.w.org\/{rel}","templated":true}]}}