{"id":506,"date":"2025-06-06T00:44:20","date_gmt":"2025-06-06T00:44:20","guid":{"rendered":"http:\/\/serviagroguatemala.com\/?page_id=506"},"modified":"2025-07-17T01:41:29","modified_gmt":"2025-07-17T01:41:29","slug":"intrakam","status":"publish","type":"page","link":"http:\/\/serviagroguatemala.com\/?page_id=506","title":{"rendered":"Intrakam"},"content":{"rendered":"\t\t<div data-elementor-type=\"wp-page\" data-elementor-id=\"506\" class=\"elementor elementor-506\">\n\t\t\t\t<div class=\"has_eae_slider elementor-element elementor-element-df12c66 e-flex e-con-boxed e-con e-parent\" data-eae-slider=\"50887\" data-id=\"df12c66\" data-element_type=\"container\" data-settings=\"{&quot;background_background&quot;:&quot;classic&quot;}\">\n\t\t\t\t\t<div class=\"e-con-inner\">\n\t\t\t\t<div class=\"elementor-element elementor-element-fac9cde premium-nav-hor premium-nav-none premium-ham-dropdown elementor-widget elementor-widget-premium-nav-menu\" data-id=\"fac9cde\" data-element_type=\"widget\" data-settings=\"{&quot;submenu_icon&quot;:{&quot;value&quot;:&quot;fas fa-angle-down&quot;,&quot;library&quot;:&quot;fa-solid&quot;},&quot;submenu_item_icon&quot;:{&quot;value&quot;:&quot;&quot;,&quot;library&quot;:&quot;&quot;}}\" data-widget_type=\"premium-nav-menu.default\">\n\t\t\t\t<div class=\"elementor-widget-container\">\n\t\t\t\t\t\t\t\t<div data-settings=\"{&quot;breakpoint&quot;:1024,&quot;mobileLayout&quot;:&quot;dropdown&quot;,&quot;mainLayout&quot;:&quot;hor&quot;,&quot;stretchDropdown&quot;:false,&quot;hoverEffect&quot;:&quot;&quot;,&quot;submenuEvent&quot;:&quot;hover&quot;,&quot;submenuTrigger&quot;:&quot;item&quot;,&quot;closeAfterClick&quot;:false,&quot;renderMobileMenu&quot;:true}\" class=\"premium-nav-widget-container premium-nav-pointer-none\" style=\"visibility:hidden; opacity:0;\">\r\n\t\t\t\t<div class=\"premium-ver-inner-container\">\r\n\t\t\t\t\t\t\t\t\t<div class=\"premium-hamburger-toggle premium-mobile-menu-icon\" role=\"button\" aria-label=\"Toggle Menu\">\r\n\t\t\t\t\t\t<span class=\"premium-toggle-text\">\r\n\t\t\t\t\t\t\t<i aria-hidden=\"true\" class=\"fas fa-bars\"><\/i>Menu\t\t\t\t\t\t<\/span>\r\n\t\t\t\t\t\t<span class=\"premium-toggle-close\">\r\n\t\t\t\t\t\t\t<i aria-hidden=\"true\" class=\"fas fa-times\"><\/i>Close\t\t\t\t\t\t<\/span>\r\n\t\t\t\t\t<\/div>\r\n\t\t\t\t\t\t\t\t\t\t\t\t<div class=\"premium-nav-menu-container premium-nav-default\">\r\n\t\t\t\t\t\t\t\t<ul id=\"menu-menu1\" class=\"premium-nav-menu premium-main-nav-menu\"><li id=\"premium-nav-menu-item-568\" class=\"menu-item menu-item-type-post_type menu-item-object-page menu-item-home premium-nav-menu-item\"><a href=\"http:\/\/serviagroguatemala.com\/\" class=\"premium-menu-link premium-menu-link-parent premium-lq__none\">Inicio<\/a><\/li>\n<li id=\"premium-nav-menu-item-552\" class=\"menu-item menu-item-type-post_type menu-item-object-page premium-nav-menu-item\"><a href=\"http:\/\/serviagroguatemala.com\/?page_id=392\" class=\"premium-menu-link premium-menu-link-parent premium-lq__none\">Nosotros<\/a><\/li>\n<li id=\"premium-nav-menu-item-570\" class=\"menu-item menu-item-type-post_type menu-item-object-page premium-nav-menu-item\"><a href=\"http:\/\/serviagroguatemala.com\/?page_id=432\" class=\"premium-menu-link premium-menu-link-parent premium-lq__none\">Cat\u00e1logo<\/a><\/li>\n<li id=\"premium-nav-menu-item-640\" class=\"menu-item menu-item-type-post_type menu-item-object-page premium-nav-menu-item\"><a href=\"http:\/\/serviagroguatemala.com\/?page_id=631\" class=\"premium-menu-link premium-menu-link-parent premium-lq__none\">Galer\u00eda<\/a><\/li>\n<li id=\"premium-nav-menu-item-639\" class=\"menu-item menu-item-type-post_type menu-item-object-page premium-nav-menu-item\"><a href=\"http:\/\/serviagroguatemala.com\/?page_id=637\" class=\"premium-menu-link premium-menu-link-parent premium-lq__none\">Contacto<\/a><\/li>\n<\/ul>\t\t\t\t\t\t\t<\/div>\r\n\t\t\t\t\t\t\t\t\t\t\t\t<div class=\"premium-mobile-menu-container\">\r\n\t\t\t\t\t\t\t\t\t\t\t\t\t\t\t\t<ul id=\"menu-menu1-1\" class=\"premium-mobile-menu premium-main-mobile-menu premium-main-nav-menu\"><li id=\"premium-nav-menu-item-5681\" class=\"menu-item menu-item-type-post_type menu-item-object-page menu-item-home premium-nav-menu-item\"><a href=\"http:\/\/serviagroguatemala.com\/\" class=\"premium-menu-link premium-menu-link-parent premium-lq__none\">Inicio<\/a><\/li>\n<li id=\"premium-nav-menu-item-5522\" class=\"menu-item menu-item-type-post_type menu-item-object-page premium-nav-menu-item\"><a href=\"http:\/\/serviagroguatemala.com\/?page_id=392\" class=\"premium-menu-link premium-menu-link-parent premium-lq__none\">Nosotros<\/a><\/li>\n<li id=\"premium-nav-menu-item-5703\" class=\"menu-item menu-item-type-post_type menu-item-object-page premium-nav-menu-item\"><a href=\"http:\/\/serviagroguatemala.com\/?page_id=432\" class=\"premium-menu-link premium-menu-link-parent premium-lq__none\">Cat\u00e1logo<\/a><\/li>\n<li id=\"premium-nav-menu-item-6404\" class=\"menu-item menu-item-type-post_type menu-item-object-page premium-nav-menu-item\"><a href=\"http:\/\/serviagroguatemala.com\/?page_id=631\" class=\"premium-menu-link premium-menu-link-parent premium-lq__none\">Galer\u00eda<\/a><\/li>\n<li id=\"premium-nav-menu-item-6395\" class=\"menu-item menu-item-type-post_type menu-item-object-page premium-nav-menu-item\"><a href=\"http:\/\/serviagroguatemala.com\/?page_id=637\" class=\"premium-menu-link premium-menu-link-parent premium-lq__none\">Contacto<\/a><\/li>\n<\/ul>\t\t\t\t\t\t\t\t\t\t\t\t\t\t\t<\/div>\r\n\t\t\t\t\t\t\t\t\t<\/div>\r\n\t\t\t<\/div>\r\n\t\t\t\t\t\t<\/div>\n\t\t\t\t<\/div>\n\t\t\t\t\t<\/div>\n\t\t\t\t<\/div>\n\t\t<div class=\"has_eae_slider elementor-element elementor-element-d9e33a3 e-flex e-con-boxed e-con e-parent\" data-eae-slider=\"11993\" data-id=\"d9e33a3\" data-element_type=\"container\" data-settings=\"{&quot;background_background&quot;:&quot;classic&quot;}\">\n\t\t\t\t\t<div class=\"e-con-inner\">\n\t\t\t\t<div class=\"elementor-element elementor-element-5895eaa elementor-widget elementor-widget-image\" data-id=\"5895eaa\" data-element_type=\"widget\" data-widget_type=\"image.default\">\n\t\t\t\t<div class=\"elementor-widget-container\">\n\t\t\t\t\t\t\t\t\t\t\t\t\t\t\t<img fetchpriority=\"high\" decoding=\"async\" width=\"1200\" height=\"337\" src=\"http:\/\/serviagroguatemala.com\/wp-content\/uploads\/2025\/06\/banner-intrakam.jpg\" class=\"attachment-full size-full wp-image-509\" alt=\"\" srcset=\"http:\/\/serviagroguatemala.com\/wp-content\/uploads\/2025\/06\/banner-intrakam.jpg 1200w, http:\/\/serviagroguatemala.com\/wp-content\/uploads\/2025\/06\/banner-intrakam-300x84.jpg 300w, http:\/\/serviagroguatemala.com\/wp-content\/uploads\/2025\/06\/banner-intrakam-1024x288.jpg 1024w, http:\/\/serviagroguatemala.com\/wp-content\/uploads\/2025\/06\/banner-intrakam-768x216.jpg 768w\" sizes=\"(max-width: 1200px) 100vw, 1200px\" \/>\t\t\t\t\t\t\t\t\t\t\t\t\t\t\t<\/div>\n\t\t\t\t<\/div>\n\t\t\t\t\t<\/div>\n\t\t\t\t<\/div>\n\t\t<div class=\"has_eae_slider elementor-element elementor-element-79565a8 e-flex e-con-boxed e-con e-parent\" data-eae-slider=\"16926\" data-id=\"79565a8\" data-element_type=\"container\">\n\t\t\t\t\t<div class=\"e-con-inner\">\n\t\t<div class=\"has_eae_slider elementor-element elementor-element-c2d5709 e-con-full e-flex e-con e-child\" data-eae-slider=\"60961\" data-id=\"c2d5709\" data-element_type=\"container\">\n\t\t\t\t<div class=\"elementor-element elementor-element-8659d12 elementor-widget elementor-widget-image\" data-id=\"8659d12\" data-element_type=\"widget\" data-widget_type=\"image.default\">\n\t\t\t\t<div class=\"elementor-widget-container\">\n\t\t\t\t\t\t\t\t\t\t\t\t\t\t\t<img decoding=\"async\" width=\"214\" height=\"300\" src=\"http:\/\/serviagroguatemala.com\/wp-content\/uploads\/2025\/07\/1-algapron-litro-214x300.jpg\" class=\"attachment-medium size-medium wp-image-762\" alt=\"\" srcset=\"http:\/\/serviagroguatemala.com\/wp-content\/uploads\/2025\/07\/1-algapron-litro-214x300.jpg 214w, http:\/\/serviagroguatemala.com\/wp-content\/uploads\/2025\/07\/1-algapron-litro.jpg 432w\" sizes=\"(max-width: 214px) 100vw, 214px\" \/>\t\t\t\t\t\t\t\t\t\t\t\t\t\t\t<\/div>\n\t\t\t\t<\/div>\n\t\t\t\t<\/div>\n\t\t<div class=\"has_eae_slider elementor-element elementor-element-fe3e768 e-con-full e-flex e-con e-child\" data-eae-slider=\"55210\" data-id=\"fe3e768\" data-element_type=\"container\">\n\t\t\t\t<div class=\"elementor-element elementor-element-1b50a49 elementor-widget elementor-widget-heading\" data-id=\"1b50a49\" data-element_type=\"widget\" data-widget_type=\"heading.default\">\n\t\t\t\t<div class=\"elementor-widget-container\">\n\t\t\t\t\t<h2 class=\"elementor-heading-title elementor-size-default\">ALGAPRON \/ LITRO<\/h2>\t\t\t\t<\/div>\n\t\t\t\t<\/div>\n\t\t\t\t<div class=\"elementor-element elementor-element-1bdbd53 elementor-widget elementor-widget-text-editor\" data-id=\"1bdbd53\" data-element_type=\"widget\" data-widget_type=\"text-editor.default\">\n\t\t\t\t<div class=\"elementor-widget-container\">\n\t\t\t\t\t\t\t\t\t<p><strong><span style=\"font-size: 14pt;\">COMPONENTES: <\/span><\/strong><br \/><span style=\"font-size: 14pt;\">1. Algas Marinas <\/span><br \/><span style=\"font-size: 14pt;\">2. Hormonas <\/span><br \/><span style=\"font-size: 14pt;\">3. Amino\u00e1cidos <\/span><br \/><span style=\"font-size: 14pt;\">4. Macro y micro elementos <\/span><\/p><p><span style=\"font-size: 14pt;\">Potenciador Org\u00e1nico basado en extracto l\u00edquido obtenido de Algas Marinas. Su funci\u00f3n principal es mejorar el suelo, las condiciones de nutrici\u00f3n y de salinidad. <\/span><\/p>\t\t\t\t\t\t\t\t<\/div>\n\t\t\t\t<\/div>\n\t\t\t\t<\/div>\n\t\t\t\t\t<\/div>\n\t\t\t\t<\/div>\n\t\t<div class=\"has_eae_slider elementor-element elementor-element-f4b77c6 e-flex e-con-boxed e-con e-parent\" data-eae-slider=\"33240\" data-id=\"f4b77c6\" data-element_type=\"container\">\n\t\t\t\t\t<div class=\"e-con-inner\">\n\t\t<div class=\"has_eae_slider elementor-element elementor-element-9c90ad0 e-con-full e-flex e-con e-child\" data-eae-slider=\"79748\" data-id=\"9c90ad0\" data-element_type=\"container\">\n\t\t\t\t<div class=\"elementor-element elementor-element-2068637 elementor-widget elementor-widget-image\" data-id=\"2068637\" data-element_type=\"widget\" data-widget_type=\"image.default\">\n\t\t\t\t<div class=\"elementor-widget-container\">\n\t\t\t\t\t\t\t\t\t\t\t\t\t\t\t<img decoding=\"async\" width=\"246\" height=\"300\" src=\"http:\/\/serviagroguatemala.com\/wp-content\/uploads\/2025\/07\/2-Kamavirol-litro-246x300.jpg\" class=\"attachment-medium size-medium wp-image-763\" alt=\"\" srcset=\"http:\/\/serviagroguatemala.com\/wp-content\/uploads\/2025\/07\/2-Kamavirol-litro-246x300.jpg 246w, http:\/\/serviagroguatemala.com\/wp-content\/uploads\/2025\/07\/2-Kamavirol-litro.jpg 505w\" sizes=\"(max-width: 246px) 100vw, 246px\" \/>\t\t\t\t\t\t\t\t\t\t\t\t\t\t\t<\/div>\n\t\t\t\t<\/div>\n\t\t\t\t<\/div>\n\t\t<div class=\"has_eae_slider elementor-element elementor-element-39b9fe6 e-con-full e-flex e-con e-child\" data-eae-slider=\"35746\" data-id=\"39b9fe6\" data-element_type=\"container\">\n\t\t\t\t<div class=\"elementor-element elementor-element-6841836 elementor-widget elementor-widget-heading\" data-id=\"6841836\" data-element_type=\"widget\" data-widget_type=\"heading.default\">\n\t\t\t\t<div class=\"elementor-widget-container\">\n\t\t\t\t\t<h2 class=\"elementor-heading-title elementor-size-default\">KAMAVIROL \/ LITRO<\/h2>\t\t\t\t<\/div>\n\t\t\t\t<\/div>\n\t\t\t\t<div class=\"elementor-element elementor-element-148b1de elementor-widget elementor-widget-text-editor\" data-id=\"148b1de\" data-element_type=\"widget\" data-widget_type=\"text-editor.default\">\n\t\t\t\t<div class=\"elementor-widget-container\">\n\t\t\t\t\t\t\t\t\t<p><span style=\"font-size: 14pt;\">Kamavirol es un reactivador de crecimiento en plantas, promueve nuevos tejidos y protege a la planta de tener un mayor da\u00f1o por el ataque de virus y fitoplasmas.<\/span><\/p><p><span style=\"font-size: 14pt;\">Promover y aumentar la antioxidaci\u00f3n de los carbohidratos en los tejidos foliares, m<\/span><br \/><span style=\"font-size: 14pt;\">eristem\u00e1ticos y parenquim\u00e1ticos de la planta.<\/span><\/p>\t\t\t\t\t\t\t\t<\/div>\n\t\t\t\t<\/div>\n\t\t\t\t<\/div>\n\t\t\t\t\t<\/div>\n\t\t\t\t<\/div>\n\t\t<div class=\"has_eae_slider elementor-element elementor-element-eb4aba6 e-flex e-con-boxed e-con e-parent\" data-eae-slider=\"49314\" data-id=\"eb4aba6\" data-element_type=\"container\">\n\t\t\t\t\t<div class=\"e-con-inner\">\n\t\t<div class=\"has_eae_slider elementor-element elementor-element-dac8b94 e-con-full e-flex e-con e-child\" data-eae-slider=\"89424\" data-id=\"dac8b94\" data-element_type=\"container\">\n\t\t\t\t<div class=\"elementor-element elementor-element-44accd7 elementor-widget elementor-widget-image\" data-id=\"44accd7\" data-element_type=\"widget\" data-widget_type=\"image.default\">\n\t\t\t\t<div class=\"elementor-widget-container\">\n\t\t\t\t\t\t\t\t\t\t\t\t\t\t\t<img loading=\"lazy\" decoding=\"async\" width=\"219\" height=\"300\" src=\"http:\/\/serviagroguatemala.com\/wp-content\/uploads\/2025\/07\/3-mulchok-flor-max-219x300.jpg\" class=\"attachment-medium size-medium wp-image-764\" alt=\"\" srcset=\"http:\/\/serviagroguatemala.com\/wp-content\/uploads\/2025\/07\/3-mulchok-flor-max-219x300.jpg 219w, http:\/\/serviagroguatemala.com\/wp-content\/uploads\/2025\/07\/3-mulchok-flor-max.jpg 457w\" sizes=\"(max-width: 219px) 100vw, 219px\" \/>\t\t\t\t\t\t\t\t\t\t\t\t\t\t\t<\/div>\n\t\t\t\t<\/div>\n\t\t\t\t<\/div>\n\t\t<div class=\"has_eae_slider elementor-element elementor-element-098de76 e-con-full e-flex e-con e-child\" data-eae-slider=\"89061\" data-id=\"098de76\" data-element_type=\"container\">\n\t\t\t\t<div class=\"elementor-element elementor-element-f29b712 elementor-widget elementor-widget-heading\" data-id=\"f29b712\" data-element_type=\"widget\" data-widget_type=\"heading.default\">\n\t\t\t\t<div class=\"elementor-widget-container\">\n\t\t\t\t\t<h2 class=\"elementor-heading-title elementor-size-default\">MULTICHOK FLOR MAX \/ LITRO<\/h2>\t\t\t\t<\/div>\n\t\t\t\t<\/div>\n\t\t\t\t<div class=\"elementor-element elementor-element-49c7ad8 elementor-widget elementor-widget-text-editor\" data-id=\"49c7ad8\" data-element_type=\"widget\" data-widget_type=\"text-editor.default\">\n\t\t\t\t<div class=\"elementor-widget-container\">\n\t\t\t\t\t\t\t\t\t<p><span style=\"font-size: 14pt;\"><strong>COMPONENTES:<\/strong> <\/span><br \/><span style=\"font-size: 14pt;\">\u00c1cidos F\u00falvicos, H\u00famicos, Acido Glut\u00e1mico, Auxinas, Boro, Zinc, Molibdeno. <\/span><br \/><span style=\"font-size: 14pt;\">Es un inductor de floraci\u00f3n y fecundaci\u00f3n que incrementa la tasa de polinizaci\u00f3n y aumenta la pega de flores y el crecimiento de frutos. <\/span><\/p>\t\t\t\t\t\t\t\t<\/div>\n\t\t\t\t<\/div>\n\t\t\t\t<\/div>\n\t\t\t\t\t<\/div>\n\t\t\t\t<\/div>\n\t\t<div class=\"has_eae_slider elementor-element elementor-element-6403767 e-flex e-con-boxed e-con e-parent\" data-eae-slider=\"63178\" data-id=\"6403767\" data-element_type=\"container\">\n\t\t\t\t\t<div class=\"e-con-inner\">\n\t\t<div class=\"has_eae_slider elementor-element elementor-element-ce72f68 e-con-full e-flex e-con e-child\" data-eae-slider=\"47371\" data-id=\"ce72f68\" data-element_type=\"container\">\n\t\t\t\t<div class=\"elementor-element elementor-element-8a95aa0 elementor-widget elementor-widget-image\" data-id=\"8a95aa0\" data-element_type=\"widget\" data-widget_type=\"image.default\">\n\t\t\t\t<div class=\"elementor-widget-container\">\n\t\t\t\t\t\t\t\t\t\t\t\t\t\t\t<img loading=\"lazy\" decoding=\"async\" width=\"223\" height=\"300\" src=\"http:\/\/serviagroguatemala.com\/wp-content\/uploads\/2025\/07\/4-sinergro.max_-223x300.jpg\" class=\"attachment-medium size-medium wp-image-765\" alt=\"\" srcset=\"http:\/\/serviagroguatemala.com\/wp-content\/uploads\/2025\/07\/4-sinergro.max_-223x300.jpg 223w, http:\/\/serviagroguatemala.com\/wp-content\/uploads\/2025\/07\/4-sinergro.max_.jpg 393w\" sizes=\"(max-width: 223px) 100vw, 223px\" \/>\t\t\t\t\t\t\t\t\t\t\t\t\t\t\t<\/div>\n\t\t\t\t<\/div>\n\t\t\t\t<\/div>\n\t\t<div class=\"has_eae_slider elementor-element elementor-element-aad40de e-con-full e-flex e-con e-child\" data-eae-slider=\"27126\" data-id=\"aad40de\" data-element_type=\"container\">\n\t\t\t\t<div class=\"elementor-element elementor-element-784c2cc elementor-widget elementor-widget-heading\" data-id=\"784c2cc\" data-element_type=\"widget\" data-widget_type=\"heading.default\">\n\t\t\t\t<div class=\"elementor-widget-container\">\n\t\t\t\t\t<h2 class=\"elementor-heading-title elementor-size-default\">SINERGRO MAX \/  FCO. 10g<\/h2>\t\t\t\t<\/div>\n\t\t\t\t<\/div>\n\t\t\t\t<div class=\"elementor-element elementor-element-e8bc1c8 elementor-widget elementor-widget-text-editor\" data-id=\"e8bc1c8\" data-element_type=\"widget\" data-widget_type=\"text-editor.default\">\n\t\t\t\t<div class=\"elementor-widget-container\">\n\t\t\t\t\t\t\t\t\t<p><span style=\"font-size: 14pt;\"><strong>COMPONENTES:<\/strong> <\/span><br \/><span style=\"font-size: 14pt;\">Giberelinas, Citocininas, Auxinas, Acido Pantot\u00e9nico, Niacina, Tiamina, Acido Glut\u00e1mico, Enzimas Proteol\u00edticas, Vitamina.<\/span><br \/><br \/><span style=\"font-size: 14pt;\">Es un complejo de reguladores de crecimiento y activadores metab\u00f3licos (\u00e1cido pantot\u00e9nico, niacina, tiamina y \u00e1cido glut\u00e1mico) de las <\/span><br \/><span style=\"font-size: 14pt;\">plantas para ser aplicado en forma foliar y al suelo. <\/span><\/p>\t\t\t\t\t\t\t\t<\/div>\n\t\t\t\t<\/div>\n\t\t\t\t<\/div>\n\t\t\t\t\t<\/div>\n\t\t\t\t<\/div>\n\t\t<div class=\"has_eae_slider elementor-element elementor-element-215fd17 e-flex e-con-boxed e-con e-parent\" data-eae-slider=\"89132\" data-id=\"215fd17\" data-element_type=\"container\">\n\t\t\t\t\t<div class=\"e-con-inner\">\n\t\t<div class=\"has_eae_slider elementor-element elementor-element-01ecdf0 e-con-full e-flex e-con e-child\" data-eae-slider=\"37863\" data-id=\"01ecdf0\" data-element_type=\"container\">\n\t\t\t\t<div class=\"elementor-element elementor-element-3c41f84 elementor-widget elementor-widget-image\" data-id=\"3c41f84\" data-element_type=\"widget\" data-widget_type=\"image.default\">\n\t\t\t\t<div class=\"elementor-widget-container\">\n\t\t\t\t\t\t\t\t\t\t\t\t\t\t\t<img loading=\"lazy\" decoding=\"async\" width=\"225\" height=\"300\" src=\"http:\/\/serviagroguatemala.com\/wp-content\/uploads\/2025\/07\/5-kamafrut-225x300.jpg\" class=\"attachment-medium size-medium wp-image-767\" alt=\"\" srcset=\"http:\/\/serviagroguatemala.com\/wp-content\/uploads\/2025\/07\/5-kamafrut-225x300.jpg 225w, http:\/\/serviagroguatemala.com\/wp-content\/uploads\/2025\/07\/5-kamafrut.jpg 368w\" sizes=\"(max-width: 225px) 100vw, 225px\" \/>\t\t\t\t\t\t\t\t\t\t\t\t\t\t\t<\/div>\n\t\t\t\t<\/div>\n\t\t\t\t<\/div>\n\t\t<div class=\"has_eae_slider elementor-element elementor-element-c86b661 e-con-full e-flex e-con e-child\" data-eae-slider=\"39514\" data-id=\"c86b661\" data-element_type=\"container\">\n\t\t\t\t<div class=\"elementor-element elementor-element-0d87ee9 elementor-widget elementor-widget-heading\" data-id=\"0d87ee9\" data-element_type=\"widget\" data-widget_type=\"heading.default\">\n\t\t\t\t<div class=\"elementor-widget-container\">\n\t\t\t\t\t<h2 class=\"elementor-heading-title elementor-size-default\">KAMAFRUT \/ FCO. 150g<\/h2>\t\t\t\t<\/div>\n\t\t\t\t<\/div>\n\t\t\t\t<div class=\"elementor-element elementor-element-468a193 elementor-widget elementor-widget-text-editor\" data-id=\"468a193\" data-element_type=\"widget\" data-widget_type=\"text-editor.default\">\n\t\t\t\t<div class=\"elementor-widget-container\">\n\t\t\t\t\t\t\t\t\t<p><span style=\"font-size: 14pt;\"><strong>COMPONENTES:<\/strong> <\/span><br \/><span style=\"font-size: 14pt;\">\u00c1cido Giber\u00e9lico, Citocininas, Auxinas, CPPU, Vitaminas y Activadores metab\u00f3licos<\/span><\/p><p><span style=\"font-size: 14pt;\">Es un concentrado de los principales <\/span><br \/><span style=\"font-size: 14pt;\">fitorreguladores y vitaminas que requieren los <\/span><br \/><span style=\"font-size: 14pt;\">cultivos para formar y desarrollar eficientemente los frutos, tub\u00e9rculos y bulbos; estimula el <\/span><br \/><span style=\"font-size: 14pt;\">desarrollo de los cultivos y el amarre de flores y frutillos.<\/span> <\/p>\t\t\t\t\t\t\t\t<\/div>\n\t\t\t\t<\/div>\n\t\t\t\t<\/div>\n\t\t\t\t\t<\/div>\n\t\t\t\t<\/div>\n\t\t<div class=\"has_eae_slider elementor-element elementor-element-9ae3e18 e-flex e-con-boxed e-con e-parent\" data-eae-slider=\"15869\" data-id=\"9ae3e18\" data-element_type=\"container\">\n\t\t\t\t\t<div class=\"e-con-inner\">\n\t\t<div class=\"has_eae_slider elementor-element elementor-element-bb51cdb e-con-full e-flex e-con e-child\" data-eae-slider=\"59247\" data-id=\"bb51cdb\" data-element_type=\"container\">\n\t\t\t\t<div class=\"elementor-element elementor-element-7b11f95 elementor-widget elementor-widget-image\" data-id=\"7b11f95\" data-element_type=\"widget\" data-widget_type=\"image.default\">\n\t\t\t\t<div class=\"elementor-widget-container\">\n\t\t\t\t\t\t\t\t\t\t\t\t\t\t\t<img loading=\"lazy\" decoding=\"async\" width=\"218\" height=\"300\" src=\"http:\/\/serviagroguatemala.com\/wp-content\/uploads\/2025\/07\/6-raizsiner-218x300.jpg\" class=\"attachment-medium size-medium wp-image-768\" alt=\"\" srcset=\"http:\/\/serviagroguatemala.com\/wp-content\/uploads\/2025\/07\/6-raizsiner-218x300.jpg 218w, http:\/\/serviagroguatemala.com\/wp-content\/uploads\/2025\/07\/6-raizsiner.jpg 382w\" sizes=\"(max-width: 218px) 100vw, 218px\" \/>\t\t\t\t\t\t\t\t\t\t\t\t\t\t\t<\/div>\n\t\t\t\t<\/div>\n\t\t\t\t<\/div>\n\t\t<div class=\"has_eae_slider elementor-element elementor-element-f2b93ed e-con-full e-flex e-con e-child\" data-eae-slider=\"96460\" data-id=\"f2b93ed\" data-element_type=\"container\">\n\t\t\t\t<div class=\"elementor-element elementor-element-a10a58b elementor-widget elementor-widget-heading\" data-id=\"a10a58b\" data-element_type=\"widget\" data-widget_type=\"heading.default\">\n\t\t\t\t<div class=\"elementor-widget-container\">\n\t\t\t\t\t<h2 class=\"elementor-heading-title elementor-size-default\">RAIZSINER PLUS \/ FCO. 150g<\/h2>\t\t\t\t<\/div>\n\t\t\t\t<\/div>\n\t\t\t\t<div class=\"elementor-element elementor-element-e005408 elementor-widget elementor-widget-text-editor\" data-id=\"e005408\" data-element_type=\"widget\" data-widget_type=\"text-editor.default\">\n\t\t\t\t<div class=\"elementor-widget-container\">\n\t\t\t\t\t\t\t\t\t<p><span style=\"font-size: 14pt;\"><strong>COMPONENTES:<\/strong> <\/span><br \/><span style=\"font-size: 14pt;\">Nitr\u00f3geno, F\u00f3sforo, \u00c1cidos H\u00famico y F\u00falvicos, Auxinas, Tiamina, \u00c1cidos Glut\u00e1mico<\/span><br \/><br \/><span style=\"font-size: 14pt;\">Es un estimulante enraizador cuya funci\u00f3n es facilitar la acci\u00f3n de las hormonas responsables de la formaci\u00f3n de ra\u00edces. <\/span><\/p>\t\t\t\t\t\t\t\t<\/div>\n\t\t\t\t<\/div>\n\t\t\t\t<\/div>\n\t\t\t\t\t<\/div>\n\t\t\t\t<\/div>\n\t\t<div class=\"has_eae_slider elementor-element elementor-element-a6a4461 e-flex e-con-boxed e-con e-parent\" data-eae-slider=\"5190\" data-id=\"a6a4461\" data-element_type=\"container\" data-settings=\"{&quot;background_background&quot;:&quot;classic&quot;}\">\n\t\t\t\t\t<div class=\"e-con-inner\">\n\t\t\t\t<div class=\"elementor-element elementor-element-51b9945 elementor-widget elementor-widget-text-editor\" data-id=\"51b9945\" data-element_type=\"widget\" data-widget_type=\"text-editor.default\">\n\t\t\t\t<div class=\"elementor-widget-container\">\n\t\t\t\t\t\t\t\t\t<p style=\"text-align: center;\">\u00a9 Copyright 2024 \u2013 www.serviagroguatemala.com \u2013 All Rights Reserved<\/p>\t\t\t\t\t\t\t\t<\/div>\n\t\t\t\t<\/div>\n\t\t\t\t\t<\/div>\n\t\t\t\t<\/div>\n\t\t\t\t<\/div>\n\t\t","protected":false},"excerpt":{"rendered":"<p>Menu Close Inicio Nosotros Cat\u00e1logo Galer\u00eda Contacto Inicio Nosotros Cat\u00e1logo Galer\u00eda Contacto ALGAPRON \/ LITRO COMPONENTES: 1. Algas Marinas 2. Hormonas 3. Amino\u00e1cidos 4. Macro y micro elementos Potenciador Org\u00e1nico basado en extracto l\u00edquido obtenido de Algas Marinas. Su funci\u00f3n principal es mejorar el suelo, las condiciones de nutrici\u00f3n y de salinidad. KAMAVIROL \/ LITRO [&hellip;]<\/p>\n","protected":false},"author":1,"featured_media":0,"parent":0,"menu_order":0,"comment_status":"closed","ping_status":"closed","template":"elementor_canvas","meta":{"footnotes":"","_links_to":"","_links_to_target":""},"class_list":["post-506","page","type-page","status-publish","hentry"],"_links":{"self":[{"href":"http:\/\/serviagroguatemala.com\/index.php?rest_route=\/wp\/v2\/pages\/506","targetHints":{"allow":["GET"]}}],"collection":[{"href":"http:\/\/serviagroguatemala.com\/index.php?rest_route=\/wp\/v2\/pages"}],"about":[{"href":"http:\/\/serviagroguatemala.com\/index.php?rest_route=\/wp\/v2\/types\/page"}],"author":[{"embeddable":true,"href":"http:\/\/serviagroguatemala.com\/index.php?rest_route=\/wp\/v2\/users\/1"}],"replies":[{"embeddable":true,"href":"http:\/\/serviagroguatemala.com\/index.php?rest_route=%2Fwp%2Fv2%2Fcomments&post=506"}],"version-history":[{"count":26,"href":"http:\/\/serviagroguatemala.com\/index.php?rest_route=\/wp\/v2\/pages\/506\/revisions"}],"predecessor-version":[{"id":860,"href":"http:\/\/serviagroguatemala.com\/index.php?rest_route=\/wp\/v2\/pages\/506\/revisions\/860"}],"wp:attachment":[{"href":"http:\/\/serviagroguatemala.com\/index.php?rest_route=%2Fwp%2Fv2%2Fmedia&parent=506"}],"curies":[{"name":"wp","href":"https:\/\/api.w.org\/{rel}","templated":true}]}}