{"id":432,"date":"2025-06-03T08:19:44","date_gmt":"2025-06-03T08:19:44","guid":{"rendered":"http:\/\/serviagroguatemala.com\/?page_id=432"},"modified":"2025-07-17T01:20:55","modified_gmt":"2025-07-17T01:20:55","slug":"catalogo","status":"publish","type":"page","link":"http:\/\/serviagroguatemala.com\/?page_id=432","title":{"rendered":"Cat\u00e1logo"},"content":{"rendered":"\t\t<div data-elementor-type=\"wp-page\" data-elementor-id=\"432\" class=\"elementor elementor-432\">\n\t\t\t\t<div class=\"has_eae_slider elementor-element elementor-element-e3125dc e-flex e-con-boxed e-con e-parent\" data-eae-slider=\"3036\" data-id=\"e3125dc\" data-element_type=\"container\" data-settings=\"{&quot;background_background&quot;:&quot;classic&quot;}\">\n\t\t\t\t\t<div class=\"e-con-inner\">\n\t\t\t\t<div class=\"elementor-element elementor-element-80bda29 premium-nav-hor premium-nav-none premium-ham-dropdown elementor-widget elementor-widget-premium-nav-menu\" data-id=\"80bda29\" data-element_type=\"widget\" data-settings=\"{&quot;submenu_icon&quot;:{&quot;value&quot;:&quot;fas fa-angle-down&quot;,&quot;library&quot;:&quot;fa-solid&quot;},&quot;submenu_item_icon&quot;:{&quot;value&quot;:&quot;&quot;,&quot;library&quot;:&quot;&quot;}}\" data-widget_type=\"premium-nav-menu.default\">\n\t\t\t\t<div class=\"elementor-widget-container\">\n\t\t\t\t\t\t\t\t<div data-settings=\"{&quot;breakpoint&quot;:1024,&quot;mobileLayout&quot;:&quot;dropdown&quot;,&quot;mainLayout&quot;:&quot;hor&quot;,&quot;stretchDropdown&quot;:false,&quot;hoverEffect&quot;:&quot;&quot;,&quot;submenuEvent&quot;:&quot;hover&quot;,&quot;submenuTrigger&quot;:&quot;item&quot;,&quot;closeAfterClick&quot;:false,&quot;renderMobileMenu&quot;:true}\" class=\"premium-nav-widget-container premium-nav-pointer-none\" style=\"visibility:hidden; opacity:0;\">\r\n\t\t\t\t<div class=\"premium-ver-inner-container\">\r\n\t\t\t\t\t\t\t\t\t<div class=\"premium-hamburger-toggle premium-mobile-menu-icon\" role=\"button\" aria-label=\"Toggle Menu\">\r\n\t\t\t\t\t\t<span class=\"premium-toggle-text\">\r\n\t\t\t\t\t\t\t<i aria-hidden=\"true\" class=\"fas fa-bars\"><\/i>Menu\t\t\t\t\t\t<\/span>\r\n\t\t\t\t\t\t<span class=\"premium-toggle-close\">\r\n\t\t\t\t\t\t\t<i aria-hidden=\"true\" class=\"fas fa-times\"><\/i>Close\t\t\t\t\t\t<\/span>\r\n\t\t\t\t\t<\/div>\r\n\t\t\t\t\t\t\t\t\t\t\t\t<div class=\"premium-nav-menu-container premium-nav-default\">\r\n\t\t\t\t\t\t\t\t<ul id=\"menu-menu1\" class=\"premium-nav-menu premium-main-nav-menu\"><li id=\"premium-nav-menu-item-568\" class=\"menu-item menu-item-type-post_type menu-item-object-page menu-item-home premium-nav-menu-item\"><a href=\"http:\/\/serviagroguatemala.com\/\" class=\"premium-menu-link premium-menu-link-parent premium-lq__none\">Inicio<\/a><\/li>\n<li id=\"premium-nav-menu-item-552\" class=\"menu-item menu-item-type-post_type menu-item-object-page premium-nav-menu-item\"><a href=\"http:\/\/serviagroguatemala.com\/?page_id=392\" class=\"premium-menu-link premium-menu-link-parent premium-lq__none\">Nosotros<\/a><\/li>\n<li id=\"premium-nav-menu-item-570\" class=\"menu-item menu-item-type-post_type menu-item-object-page premium-nav-menu-item\"><a href=\"http:\/\/serviagroguatemala.com\/?page_id=432\" class=\"premium-menu-link premium-menu-link-parent premium-lq__none\">Cat\u00e1logo<\/a><\/li>\n<li id=\"premium-nav-menu-item-640\" class=\"menu-item menu-item-type-post_type menu-item-object-page premium-nav-menu-item\"><a href=\"http:\/\/serviagroguatemala.com\/?page_id=631\" class=\"premium-menu-link premium-menu-link-parent premium-lq__none\">Galer\u00eda<\/a><\/li>\n<li id=\"premium-nav-menu-item-639\" class=\"menu-item menu-item-type-post_type menu-item-object-page premium-nav-menu-item\"><a href=\"http:\/\/serviagroguatemala.com\/?page_id=637\" class=\"premium-menu-link premium-menu-link-parent premium-lq__none\">Contacto<\/a><\/li>\n<\/ul>\t\t\t\t\t\t\t<\/div>\r\n\t\t\t\t\t\t\t\t\t\t\t\t<div class=\"premium-mobile-menu-container\">\r\n\t\t\t\t\t\t\t\t\t\t\t\t\t\t\t\t<ul id=\"menu-menu1-1\" class=\"premium-mobile-menu premium-main-mobile-menu premium-main-nav-menu\"><li id=\"premium-nav-menu-item-5681\" class=\"menu-item menu-item-type-post_type menu-item-object-page menu-item-home premium-nav-menu-item\"><a href=\"http:\/\/serviagroguatemala.com\/\" class=\"premium-menu-link premium-menu-link-parent premium-lq__none\">Inicio<\/a><\/li>\n<li id=\"premium-nav-menu-item-5522\" class=\"menu-item menu-item-type-post_type menu-item-object-page premium-nav-menu-item\"><a href=\"http:\/\/serviagroguatemala.com\/?page_id=392\" class=\"premium-menu-link premium-menu-link-parent premium-lq__none\">Nosotros<\/a><\/li>\n<li id=\"premium-nav-menu-item-5703\" class=\"menu-item menu-item-type-post_type menu-item-object-page premium-nav-menu-item\"><a href=\"http:\/\/serviagroguatemala.com\/?page_id=432\" class=\"premium-menu-link premium-menu-link-parent premium-lq__none\">Cat\u00e1logo<\/a><\/li>\n<li id=\"premium-nav-menu-item-6404\" class=\"menu-item menu-item-type-post_type menu-item-object-page premium-nav-menu-item\"><a href=\"http:\/\/serviagroguatemala.com\/?page_id=631\" class=\"premium-menu-link premium-menu-link-parent premium-lq__none\">Galer\u00eda<\/a><\/li>\n<li id=\"premium-nav-menu-item-6395\" class=\"menu-item menu-item-type-post_type menu-item-object-page premium-nav-menu-item\"><a href=\"http:\/\/serviagroguatemala.com\/?page_id=637\" class=\"premium-menu-link premium-menu-link-parent premium-lq__none\">Contacto<\/a><\/li>\n<\/ul>\t\t\t\t\t\t\t\t\t\t\t\t\t\t\t<\/div>\r\n\t\t\t\t\t\t\t\t\t<\/div>\r\n\t\t\t<\/div>\r\n\t\t\t\t\t\t<\/div>\n\t\t\t\t<\/div>\n\t\t\t\t\t<\/div>\n\t\t\t\t<\/div>\n\t\t<div class=\"has_eae_slider elementor-element elementor-element-dc047a8 e-flex e-con-boxed e-con e-parent\" data-eae-slider=\"7683\" data-id=\"dc047a8\" data-element_type=\"container\" data-settings=\"{&quot;background_background&quot;:&quot;classic&quot;}\">\n\t\t\t\t\t<div class=\"e-con-inner\">\n\t\t\t\t<div class=\"elementor-element elementor-element-1e4f9e5 elementor-widget elementor-widget-image\" data-id=\"1e4f9e5\" data-element_type=\"widget\" data-widget_type=\"image.default\">\n\t\t\t\t<div class=\"elementor-widget-container\">\n\t\t\t\t\t\t\t\t\t\t\t\t\t\t\t<img fetchpriority=\"high\" decoding=\"async\" width=\"1200\" height=\"480\" src=\"http:\/\/serviagroguatemala.com\/wp-content\/uploads\/2025\/06\/catalogo-banner.jpg\" class=\"attachment-full size-full wp-image-435\" alt=\"Catalogo\" srcset=\"http:\/\/serviagroguatemala.com\/wp-content\/uploads\/2025\/06\/catalogo-banner.jpg 1200w, http:\/\/serviagroguatemala.com\/wp-content\/uploads\/2025\/06\/catalogo-banner-300x120.jpg 300w, http:\/\/serviagroguatemala.com\/wp-content\/uploads\/2025\/06\/catalogo-banner-1024x410.jpg 1024w, http:\/\/serviagroguatemala.com\/wp-content\/uploads\/2025\/06\/catalogo-banner-768x307.jpg 768w\" sizes=\"(max-width: 1200px) 100vw, 1200px\" \/>\t\t\t\t\t\t\t\t\t\t\t\t\t\t\t<\/div>\n\t\t\t\t<\/div>\n\t\t\t\t\t<\/div>\n\t\t\t\t<\/div>\n\t\t<div class=\"has_eae_slider elementor-element elementor-element-68064e2 e-flex e-con-boxed e-con e-parent\" data-eae-slider=\"28662\" data-id=\"68064e2\" data-element_type=\"container\">\n\t\t\t\t\t<div class=\"e-con-inner\">\n\t\t<div class=\"has_eae_slider elementor-element elementor-element-f4e2d83 e-con-full e-flex e-con e-child\" data-eae-slider=\"22967\" data-id=\"f4e2d83\" data-element_type=\"container\">\n\t\t\t\t<div class=\"elementor-element elementor-element-a23725b elementor-widget elementor-widget-image\" data-id=\"a23725b\" data-element_type=\"widget\" data-widget_type=\"image.default\">\n\t\t\t\t<div class=\"elementor-widget-container\">\n\t\t\t\t\t\t\t\t\t\t\t\t\t\t\t\t<a href=\"http:\/\/serviagroguatemala.com\/?page_id=506\">\n\t\t\t\t\t\t\t<img decoding=\"async\" width=\"256\" height=\"255\" src=\"http:\/\/serviagroguatemala.com\/wp-content\/uploads\/2025\/06\/lg-intrakam.jpg\" class=\"elementor-animation-rotate attachment-large size-large wp-image-447\" alt=\"\" srcset=\"http:\/\/serviagroguatemala.com\/wp-content\/uploads\/2025\/06\/lg-intrakam.jpg 256w, http:\/\/serviagroguatemala.com\/wp-content\/uploads\/2025\/06\/lg-intrakam-150x150.jpg 150w\" sizes=\"(max-width: 256px) 100vw, 256px\" \/>\t\t\t\t\t\t\t\t<\/a>\n\t\t\t\t\t\t\t\t\t\t\t\t\t\t\t<\/div>\n\t\t\t\t<\/div>\n\t\t\t\t<\/div>\n\t\t<div class=\"has_eae_slider elementor-element elementor-element-ce7e18a e-con-full e-flex e-con e-child\" data-eae-slider=\"10889\" data-id=\"ce7e18a\" data-element_type=\"container\">\n\t\t\t\t<div class=\"elementor-element elementor-element-6836458 elementor-widget elementor-widget-image\" data-id=\"6836458\" data-element_type=\"widget\" data-widget_type=\"image.default\">\n\t\t\t\t<div class=\"elementor-widget-container\">\n\t\t\t\t\t\t\t\t\t\t\t\t\t\t\t\t<a href=\"http:\/\/serviagroguatemala.com\/?page_id=623\">\n\t\t\t\t\t\t\t<img decoding=\"async\" width=\"256\" height=\"255\" src=\"http:\/\/serviagroguatemala.com\/wp-content\/uploads\/2025\/06\/lg-growmore.jpg\" class=\"elementor-animation-rotate attachment-large size-large wp-image-448\" alt=\"\" srcset=\"http:\/\/serviagroguatemala.com\/wp-content\/uploads\/2025\/06\/lg-growmore.jpg 256w, http:\/\/serviagroguatemala.com\/wp-content\/uploads\/2025\/06\/lg-growmore-150x150.jpg 150w\" sizes=\"(max-width: 256px) 100vw, 256px\" \/>\t\t\t\t\t\t\t\t<\/a>\n\t\t\t\t\t\t\t\t\t\t\t\t\t\t\t<\/div>\n\t\t\t\t<\/div>\n\t\t\t\t<\/div>\n\t\t<div class=\"has_eae_slider elementor-element elementor-element-d04557d e-con-full e-flex e-con e-child\" data-eae-slider=\"95712\" data-id=\"d04557d\" data-element_type=\"container\">\n\t\t\t\t<div class=\"elementor-element elementor-element-9712e94 elementor-widget elementor-widget-image\" data-id=\"9712e94\" data-element_type=\"widget\" data-widget_type=\"image.default\">\n\t\t\t\t<div class=\"elementor-widget-container\">\n\t\t\t\t\t\t\t\t\t\t\t\t\t\t\t\t<a href=\"http:\/\/serviagroguatemala.com\/?page_id=625\">\n\t\t\t\t\t\t\t<img loading=\"lazy\" decoding=\"async\" width=\"256\" height=\"255\" src=\"http:\/\/serviagroguatemala.com\/wp-content\/uploads\/2025\/06\/lg-laquinsa.jpg\" class=\"elementor-animation-rotate attachment-large size-large wp-image-449\" alt=\"\" srcset=\"http:\/\/serviagroguatemala.com\/wp-content\/uploads\/2025\/06\/lg-laquinsa.jpg 256w, http:\/\/serviagroguatemala.com\/wp-content\/uploads\/2025\/06\/lg-laquinsa-150x150.jpg 150w\" sizes=\"(max-width: 256px) 100vw, 256px\" \/>\t\t\t\t\t\t\t\t<\/a>\n\t\t\t\t\t\t\t\t\t\t\t\t\t\t\t<\/div>\n\t\t\t\t<\/div>\n\t\t\t\t<\/div>\n\t\t<div class=\"has_eae_slider elementor-element elementor-element-0b58362 e-con-full e-flex e-con e-child\" data-eae-slider=\"16177\" data-id=\"0b58362\" data-element_type=\"container\">\n\t\t\t\t<div class=\"elementor-element elementor-element-92b6ef9 elementor-widget elementor-widget-image\" data-id=\"92b6ef9\" data-element_type=\"widget\" data-widget_type=\"image.default\">\n\t\t\t\t<div class=\"elementor-widget-container\">\n\t\t\t\t\t\t\t\t\t\t\t\t\t\t\t\t<a href=\"http:\/\/serviagroguatemala.com\/?page_id=627\">\n\t\t\t\t\t\t\t<img loading=\"lazy\" decoding=\"async\" width=\"256\" height=\"255\" src=\"http:\/\/serviagroguatemala.com\/wp-content\/uploads\/2025\/06\/lg-jaladores.jpg\" class=\"elementor-animation-rotate attachment-large size-large wp-image-450\" alt=\"\" srcset=\"http:\/\/serviagroguatemala.com\/wp-content\/uploads\/2025\/06\/lg-jaladores.jpg 256w, http:\/\/serviagroguatemala.com\/wp-content\/uploads\/2025\/06\/lg-jaladores-150x150.jpg 150w\" sizes=\"(max-width: 256px) 100vw, 256px\" \/>\t\t\t\t\t\t\t\t<\/a>\n\t\t\t\t\t\t\t\t\t\t\t\t\t\t\t<\/div>\n\t\t\t\t<\/div>\n\t\t\t\t<\/div>\n\t\t<div class=\"has_eae_slider elementor-element elementor-element-c0adea3 e-con-full e-flex e-con e-child\" data-eae-slider=\"87928\" data-id=\"c0adea3\" data-element_type=\"container\">\n\t\t\t\t<div class=\"elementor-element elementor-element-1b609e9 elementor-widget elementor-widget-image\" data-id=\"1b609e9\" data-element_type=\"widget\" data-widget_type=\"image.default\">\n\t\t\t\t<div class=\"elementor-widget-container\">\n\t\t\t\t\t\t\t\t\t\t\t\t\t\t\t\t<a href=\"http:\/\/serviagroguatemala.com\/?page_id=629\">\n\t\t\t\t\t\t\t<img loading=\"lazy\" decoding=\"async\" width=\"256\" height=\"255\" src=\"http:\/\/serviagroguatemala.com\/wp-content\/uploads\/2025\/06\/lg-agrohao.jpg\" class=\"elementor-animation-rotate attachment-large size-large wp-image-451\" alt=\"\" srcset=\"http:\/\/serviagroguatemala.com\/wp-content\/uploads\/2025\/06\/lg-agrohao.jpg 256w, http:\/\/serviagroguatemala.com\/wp-content\/uploads\/2025\/06\/lg-agrohao-150x150.jpg 150w\" sizes=\"(max-width: 256px) 100vw, 256px\" \/>\t\t\t\t\t\t\t\t<\/a>\n\t\t\t\t\t\t\t\t\t\t\t\t\t\t\t<\/div>\n\t\t\t\t<\/div>\n\t\t\t\t<\/div>\n\t\t<div class=\"has_eae_slider elementor-element elementor-element-72e7617 e-con-full e-flex e-con e-child\" data-eae-slider=\"64798\" data-id=\"72e7617\" data-element_type=\"container\">\n\t\t\t\t<\/div>\n\t\t\t\t\t<\/div>\n\t\t\t\t<\/div>\n\t\t<div class=\"has_eae_slider elementor-element elementor-element-fe308c3 e-flex e-con-boxed e-con e-parent\" data-eae-slider=\"10441\" data-id=\"fe308c3\" data-element_type=\"container\" data-settings=\"{&quot;background_background&quot;:&quot;classic&quot;}\">\n\t\t\t\t\t<div class=\"e-con-inner\">\n\t\t\t\t<div class=\"elementor-element elementor-element-31b68c1 elementor-widget elementor-widget-text-editor\" data-id=\"31b68c1\" data-element_type=\"widget\" data-widget_type=\"text-editor.default\">\n\t\t\t\t<div class=\"elementor-widget-container\">\n\t\t\t\t\t\t\t\t\t<p style=\"text-align: center;\">\u00a9 Copyright 2024 \u2013 www.serviagroguatemala.com \u2013 All Rights Reserved<\/p>\t\t\t\t\t\t\t\t<\/div>\n\t\t\t\t<\/div>\n\t\t\t\t\t<\/div>\n\t\t\t\t<\/div>\n\t\t\t\t<\/div>\n\t\t","protected":false},"excerpt":{"rendered":"<p>Menu Close Inicio Nosotros Cat\u00e1logo Galer\u00eda Contacto Inicio Nosotros Cat\u00e1logo Galer\u00eda Contacto \u00a9 Copyright 2024 \u2013 www.serviagroguatemala.com \u2013 All Rights Reserved<\/p>\n","protected":false},"author":1,"featured_media":0,"parent":0,"menu_order":0,"comment_status":"closed","ping_status":"closed","template":"elementor_canvas","meta":{"footnotes":"","_links_to":"","_links_to_target":""},"class_list":["post-432","page","type-page","status-publish","hentry"],"_links":{"self":[{"href":"http:\/\/serviagroguatemala.com\/index.php?rest_route=\/wp\/v2\/pages\/432","targetHints":{"allow":["GET"]}}],"collection":[{"href":"http:\/\/serviagroguatemala.com\/index.php?rest_route=\/wp\/v2\/pages"}],"about":[{"href":"http:\/\/serviagroguatemala.com\/index.php?rest_route=\/wp\/v2\/types\/page"}],"author":[{"embeddable":true,"href":"http:\/\/serviagroguatemala.com\/index.php?rest_route=\/wp\/v2\/users\/1"}],"replies":[{"embeddable":true,"href":"http:\/\/serviagroguatemala.com\/index.php?rest_route=%2Fwp%2Fv2%2Fcomments&post=432"}],"version-history":[{"count":38,"href":"http:\/\/serviagroguatemala.com\/index.php?rest_route=\/wp\/v2\/pages\/432\/revisions"}],"predecessor-version":[{"id":838,"href":"http:\/\/serviagroguatemala.com\/index.php?rest_route=\/wp\/v2\/pages\/432\/revisions\/838"}],"wp:attachment":[{"href":"http:\/\/serviagroguatemala.com\/index.php?rest_route=%2Fwp%2Fv2%2Fmedia&parent=432"}],"curies":[{"name":"wp","href":"https:\/\/api.w.org\/{rel}","templated":true}]}}