{"id":392,"date":"2025-06-03T06:24:55","date_gmt":"2025-06-03T06:24:55","guid":{"rendered":"http:\/\/serviagroguatemala.com\/?page_id=392"},"modified":"2025-07-17T01:16:43","modified_gmt":"2025-07-17T01:16:43","slug":"about","status":"publish","type":"page","link":"http:\/\/serviagroguatemala.com\/?page_id=392","title":{"rendered":"About"},"content":{"rendered":"\t\t<div data-elementor-type=\"wp-page\" data-elementor-id=\"392\" class=\"elementor elementor-392\">\n\t\t\t\t<div class=\"has_eae_slider elementor-element elementor-element-528f25e e-flex e-con-boxed e-con e-parent\" data-eae-slider=\"35788\" data-id=\"528f25e\" data-element_type=\"container\" data-settings=\"{&quot;background_background&quot;:&quot;classic&quot;}\">\n\t\t\t\t\t<div class=\"e-con-inner\">\n\t\t\t\t<div class=\"elementor-element elementor-element-c292ce0 premium-nav-hor premium-nav-none premium-ham-dropdown elementor-widget elementor-widget-premium-nav-menu\" data-id=\"c292ce0\" data-element_type=\"widget\" data-settings=\"{&quot;submenu_icon&quot;:{&quot;value&quot;:&quot;fas fa-angle-down&quot;,&quot;library&quot;:&quot;fa-solid&quot;},&quot;submenu_item_icon&quot;:{&quot;value&quot;:&quot;&quot;,&quot;library&quot;:&quot;&quot;}}\" data-widget_type=\"premium-nav-menu.default\">\n\t\t\t\t<div class=\"elementor-widget-container\">\n\t\t\t\t\t\t\t\t<div data-settings=\"{&quot;breakpoint&quot;:1024,&quot;mobileLayout&quot;:&quot;dropdown&quot;,&quot;mainLayout&quot;:&quot;hor&quot;,&quot;stretchDropdown&quot;:false,&quot;hoverEffect&quot;:&quot;&quot;,&quot;submenuEvent&quot;:&quot;hover&quot;,&quot;submenuTrigger&quot;:&quot;item&quot;,&quot;closeAfterClick&quot;:false,&quot;renderMobileMenu&quot;:true}\" class=\"premium-nav-widget-container premium-nav-pointer-none\" style=\"visibility:hidden; opacity:0;\">\r\n\t\t\t\t<div class=\"premium-ver-inner-container\">\r\n\t\t\t\t\t\t\t\t\t<div class=\"premium-hamburger-toggle premium-mobile-menu-icon\" role=\"button\" aria-label=\"Toggle Menu\">\r\n\t\t\t\t\t\t<span class=\"premium-toggle-text\">\r\n\t\t\t\t\t\t\t<i aria-hidden=\"true\" class=\"fas fa-bars\"><\/i>Menu\t\t\t\t\t\t<\/span>\r\n\t\t\t\t\t\t<span class=\"premium-toggle-close\">\r\n\t\t\t\t\t\t\t<i aria-hidden=\"true\" class=\"fas fa-times\"><\/i>Close\t\t\t\t\t\t<\/span>\r\n\t\t\t\t\t<\/div>\r\n\t\t\t\t\t\t\t\t\t\t\t\t<div class=\"premium-nav-menu-container premium-nav-default\">\r\n\t\t\t\t\t\t\t\t<ul id=\"menu-menu1\" class=\"premium-nav-menu premium-main-nav-menu\"><li id=\"premium-nav-menu-item-568\" class=\"menu-item menu-item-type-post_type menu-item-object-page menu-item-home premium-nav-menu-item\"><a href=\"http:\/\/serviagroguatemala.com\/\" class=\"premium-menu-link premium-menu-link-parent premium-lq__none\">Inicio<\/a><\/li>\n<li id=\"premium-nav-menu-item-552\" class=\"menu-item menu-item-type-post_type menu-item-object-page premium-nav-menu-item\"><a href=\"http:\/\/serviagroguatemala.com\/?page_id=392\" class=\"premium-menu-link premium-menu-link-parent premium-lq__none\">Nosotros<\/a><\/li>\n<li id=\"premium-nav-menu-item-570\" class=\"menu-item menu-item-type-post_type menu-item-object-page premium-nav-menu-item\"><a href=\"http:\/\/serviagroguatemala.com\/?page_id=432\" class=\"premium-menu-link premium-menu-link-parent premium-lq__none\">Cat\u00e1logo<\/a><\/li>\n<li id=\"premium-nav-menu-item-640\" class=\"menu-item menu-item-type-post_type menu-item-object-page premium-nav-menu-item\"><a href=\"http:\/\/serviagroguatemala.com\/?page_id=631\" class=\"premium-menu-link premium-menu-link-parent premium-lq__none\">Galer\u00eda<\/a><\/li>\n<li id=\"premium-nav-menu-item-639\" class=\"menu-item menu-item-type-post_type menu-item-object-page premium-nav-menu-item\"><a href=\"http:\/\/serviagroguatemala.com\/?page_id=637\" class=\"premium-menu-link premium-menu-link-parent premium-lq__none\">Contacto<\/a><\/li>\n<\/ul>\t\t\t\t\t\t\t<\/div>\r\n\t\t\t\t\t\t\t\t\t\t\t\t<div class=\"premium-mobile-menu-container\">\r\n\t\t\t\t\t\t\t\t\t\t\t\t\t\t\t\t<ul id=\"menu-menu1-1\" class=\"premium-mobile-menu premium-main-mobile-menu premium-main-nav-menu\"><li id=\"premium-nav-menu-item-5681\" class=\"menu-item menu-item-type-post_type menu-item-object-page menu-item-home premium-nav-menu-item\"><a href=\"http:\/\/serviagroguatemala.com\/\" class=\"premium-menu-link premium-menu-link-parent premium-lq__none\">Inicio<\/a><\/li>\n<li id=\"premium-nav-menu-item-5522\" class=\"menu-item menu-item-type-post_type menu-item-object-page premium-nav-menu-item\"><a href=\"http:\/\/serviagroguatemala.com\/?page_id=392\" class=\"premium-menu-link premium-menu-link-parent premium-lq__none\">Nosotros<\/a><\/li>\n<li id=\"premium-nav-menu-item-5703\" class=\"menu-item menu-item-type-post_type menu-item-object-page premium-nav-menu-item\"><a href=\"http:\/\/serviagroguatemala.com\/?page_id=432\" class=\"premium-menu-link premium-menu-link-parent premium-lq__none\">Cat\u00e1logo<\/a><\/li>\n<li id=\"premium-nav-menu-item-6404\" class=\"menu-item menu-item-type-post_type menu-item-object-page premium-nav-menu-item\"><a href=\"http:\/\/serviagroguatemala.com\/?page_id=631\" class=\"premium-menu-link premium-menu-link-parent premium-lq__none\">Galer\u00eda<\/a><\/li>\n<li id=\"premium-nav-menu-item-6395\" class=\"menu-item menu-item-type-post_type menu-item-object-page premium-nav-menu-item\"><a href=\"http:\/\/serviagroguatemala.com\/?page_id=637\" class=\"premium-menu-link premium-menu-link-parent premium-lq__none\">Contacto<\/a><\/li>\n<\/ul>\t\t\t\t\t\t\t\t\t\t\t\t\t\t\t<\/div>\r\n\t\t\t\t\t\t\t\t\t<\/div>\r\n\t\t\t<\/div>\r\n\t\t\t\t\t\t<\/div>\n\t\t\t\t<\/div>\n\t\t\t\t\t<\/div>\n\t\t\t\t<\/div>\n\t\t<div class=\"has_eae_slider elementor-element elementor-element-bdb5ecc e-flex e-con-boxed e-con e-parent\" data-eae-slider=\"51303\" data-id=\"bdb5ecc\" data-element_type=\"container\">\n\t\t\t\t\t<div class=\"e-con-inner\">\n\t\t\t\t<div class=\"elementor-element elementor-element-de924b7 elementor-widget elementor-widget-image\" data-id=\"de924b7\" data-element_type=\"widget\" data-widget_type=\"image.default\">\n\t\t\t\t<div class=\"elementor-widget-container\">\n\t\t\t\t\t\t\t\t\t\t\t\t\t\t\t<img fetchpriority=\"high\" decoding=\"async\" width=\"1075\" height=\"400\" src=\"http:\/\/serviagroguatemala.com\/wp-content\/uploads\/2020\/05\/header_quienes_somos.jpg\" class=\"attachment-full size-full wp-image-191\" alt=\"\" srcset=\"http:\/\/serviagroguatemala.com\/wp-content\/uploads\/2020\/05\/header_quienes_somos.jpg 1075w, http:\/\/serviagroguatemala.com\/wp-content\/uploads\/2020\/05\/header_quienes_somos-300x112.jpg 300w, http:\/\/serviagroguatemala.com\/wp-content\/uploads\/2020\/05\/header_quienes_somos-1024x381.jpg 1024w, http:\/\/serviagroguatemala.com\/wp-content\/uploads\/2020\/05\/header_quienes_somos-768x286.jpg 768w\" sizes=\"(max-width: 1075px) 100vw, 1075px\" \/>\t\t\t\t\t\t\t\t\t\t\t\t\t\t\t<\/div>\n\t\t\t\t<\/div>\n\t\t\t\t\t<\/div>\n\t\t\t\t<\/div>\n\t\t<div class=\"has_eae_slider elementor-element elementor-element-cbb4483 e-flex e-con-boxed e-con e-parent\" data-eae-slider=\"93097\" data-id=\"cbb4483\" data-element_type=\"container\" data-settings=\"{&quot;background_background&quot;:&quot;classic&quot;}\">\n\t\t\t\t\t<div class=\"e-con-inner\">\n\t\t\t\t<div class=\"elementor-element elementor-element-62d2c08 elementor-widget elementor-widget-text-editor\" data-id=\"62d2c08\" data-element_type=\"widget\" data-widget_type=\"text-editor.default\">\n\t\t\t\t<div class=\"elementor-widget-container\">\n\t\t\t\t\t\t\t\t\t<p style=\"text-align: justify;\"><span style=\"font-size: 14pt;\">Serviagro, es una empresa Guatemalteca con 25 a\u00f1os dedicados a la comercializaci\u00f3n de productos de calidad y con representaciones de marcas reconocidas como: LAQUINSA Costa Rica, GROW MORE Estados Unidos, Daltex Estados Unidos, INTRAKAM M\u00e9xico, AMERICAN VANGUARD Estados Unidos, entre otras.<\/span><\/p><p style=\"text-align: justify;\"><span style=\"font-size: 14pt;\">Dedicamos todos nuestros esfuerzos en dar un servicio de asistencia t\u00e9cnica en campo, an\u00e1lisis, recomendaciones y diagn\u00f3sticos del sector agr\u00edcola. Nuestro compromiso con los clientes es satisfacer sus necesidades mediante la comercializaci\u00f3n de productos innovadores y de alta calidad.<\/span><\/p><p style=\"text-align: justify;\"><span style=\"font-size: 14pt;\">Contamos con un equipo de trabajadores responsables y altamente calificados con formaci\u00f3n espec\u00edfica en la agricultura, para que cada asesor\u00eda brindada en campo<\/span> sea la mejor.<\/p>\t\t\t\t\t\t\t\t<\/div>\n\t\t\t\t<\/div>\n\t\t\t\t\t<\/div>\n\t\t\t\t<\/div>\n\t\t<div class=\"has_eae_slider elementor-element elementor-element-de5d443 e-flex e-con-boxed e-con e-parent\" data-eae-slider=\"33246\" data-id=\"de5d443\" data-element_type=\"container\" data-settings=\"{&quot;background_background&quot;:&quot;classic&quot;}\">\n\t\t\t\t\t<div class=\"e-con-inner\">\n\t\t<div class=\"has_eae_slider elementor-element elementor-element-62ab8ad e-con-full e-flex e-con e-child\" data-eae-slider=\"86056\" data-id=\"62ab8ad\" data-element_type=\"container\">\n\t\t\t\t<div class=\"elementor-element elementor-element-ea3d04e elementor-widget elementor-widget-text-editor\" data-id=\"ea3d04e\" data-element_type=\"widget\" data-widget_type=\"text-editor.default\">\n\t\t\t\t<div class=\"elementor-widget-container\">\n\t\t\t\t\t\t\t\t\t<p><span style=\"font-size: 14pt;\"><strong>Misi\u00f3n:<\/strong><\/span><br \/><span style=\"font-size: 14pt;\">Consolidarnos como una empresa competitiva en la comercializaci\u00f3n de agroqu\u00edmicos orientados a cuidar la salud de los cultivos.<\/span><\/p>\t\t\t\t\t\t\t\t<\/div>\n\t\t\t\t<\/div>\n\t\t\t\t<\/div>\n\t\t<div class=\"has_eae_slider elementor-element elementor-element-edd490a e-con-full e-flex e-con e-child\" data-eae-slider=\"43850\" data-id=\"edd490a\" data-element_type=\"container\">\n\t\t\t\t<div class=\"elementor-element elementor-element-e4b0331 elementor-widget elementor-widget-text-editor\" data-id=\"e4b0331\" data-element_type=\"widget\" data-widget_type=\"text-editor.default\">\n\t\t\t\t<div class=\"elementor-widget-container\">\n\t\t\t\t\t\t\t\t\t<p><strong><span style=\"font-size: 14pt;\">Visi\u00f3n:<\/span><\/strong><br \/><span style=\"font-size: 14pt;\">Comercializar en el mercado nacional agroqu\u00edmicos de calidad, procurando a trav\u00e9s de su mejora continua la satisfacci\u00f3n de sus colaboradores y clientes.<\/span><\/p>\t\t\t\t\t\t\t\t<\/div>\n\t\t\t\t<\/div>\n\t\t\t\t<\/div>\n\t\t\t\t\t<\/div>\n\t\t\t\t<\/div>\n\t\t<div class=\"has_eae_slider elementor-element elementor-element-ac22821 e-flex e-con-boxed e-con e-parent\" data-eae-slider=\"3940\" data-id=\"ac22821\" data-element_type=\"container\">\n\t\t\t\t\t<div class=\"e-con-inner\">\n\t\t\t\t<div class=\"elementor-element elementor-element-5603921 elementor-widget elementor-widget-heading\" data-id=\"5603921\" data-element_type=\"widget\" data-widget_type=\"heading.default\">\n\t\t\t\t<div class=\"elementor-widget-container\">\n\t\t\t\t\t<h2 class=\"elementor-heading-title elementor-size-default\">Nuestras Marcas<\/h2>\t\t\t\t<\/div>\n\t\t\t\t<\/div>\n\t\t\t\t\t<\/div>\n\t\t\t\t<\/div>\n\t\t<div class=\"has_eae_slider elementor-element elementor-element-d17bd08 e-flex e-con-boxed e-con e-parent\" data-eae-slider=\"41922\" data-id=\"d17bd08\" data-element_type=\"container\">\n\t\t\t\t\t<div class=\"e-con-inner\">\n\t\t<div class=\"has_eae_slider elementor-element elementor-element-34c4e59 e-con-full e-flex e-con e-child\" data-eae-slider=\"35805\" data-id=\"34c4e59\" data-element_type=\"container\">\n\t\t\t\t<div class=\"elementor-element elementor-element-f45f019 elementor-widget elementor-widget-image\" data-id=\"f45f019\" data-element_type=\"widget\" data-widget_type=\"image.default\">\n\t\t\t\t<div class=\"elementor-widget-container\">\n\t\t\t\t\t\t\t\t\t\t\t\t\t\t\t<img decoding=\"async\" width=\"150\" height=\"149\" src=\"http:\/\/serviagroguatemala.com\/wp-content\/uploads\/2025\/06\/lg-intrakam2.jpg\" class=\"attachment-large size-large wp-image-476\" alt=\"Intrakam\" \/>\t\t\t\t\t\t\t\t\t\t\t\t\t\t\t<\/div>\n\t\t\t\t<\/div>\n\t\t\t\t<\/div>\n\t\t<div class=\"has_eae_slider elementor-element elementor-element-700c4ee e-con-full e-flex e-con e-child\" data-eae-slider=\"6833\" data-id=\"700c4ee\" data-element_type=\"container\">\n\t\t\t\t<div class=\"elementor-element elementor-element-f6f3ee4 elementor-widget elementor-widget-image\" data-id=\"f6f3ee4\" data-element_type=\"widget\" data-widget_type=\"image.default\">\n\t\t\t\t<div class=\"elementor-widget-container\">\n\t\t\t\t\t\t\t\t\t\t\t\t\t\t\t<img decoding=\"async\" width=\"150\" height=\"149\" src=\"http:\/\/serviagroguatemala.com\/wp-content\/uploads\/2025\/06\/lg-growmore2.jpg\" class=\"attachment-large size-large wp-image-478\" alt=\"growmore\" \/>\t\t\t\t\t\t\t\t\t\t\t\t\t\t\t<\/div>\n\t\t\t\t<\/div>\n\t\t\t\t<\/div>\n\t\t<div class=\"has_eae_slider elementor-element elementor-element-4f83db5 e-con-full e-flex e-con e-child\" data-eae-slider=\"3677\" data-id=\"4f83db5\" data-element_type=\"container\">\n\t\t\t\t<div class=\"elementor-element elementor-element-4272a8c elementor-widget elementor-widget-image\" data-id=\"4272a8c\" data-element_type=\"widget\" data-widget_type=\"image.default\">\n\t\t\t\t<div class=\"elementor-widget-container\">\n\t\t\t\t\t\t\t\t\t\t\t\t\t\t\t<img loading=\"lazy\" decoding=\"async\" width=\"150\" height=\"149\" src=\"http:\/\/serviagroguatemala.com\/wp-content\/uploads\/2025\/06\/lg-laquinsa2.jpg\" class=\"attachment-large size-large wp-image-479\" alt=\"laquinsa\" \/>\t\t\t\t\t\t\t\t\t\t\t\t\t\t\t<\/div>\n\t\t\t\t<\/div>\n\t\t\t\t<\/div>\n\t\t<div class=\"has_eae_slider elementor-element elementor-element-3a91a08 e-con-full e-flex e-con e-child\" data-eae-slider=\"20508\" data-id=\"3a91a08\" data-element_type=\"container\">\n\t\t\t\t<div class=\"elementor-element elementor-element-d384fd6 elementor-widget elementor-widget-image\" data-id=\"d384fd6\" data-element_type=\"widget\" data-widget_type=\"image.default\">\n\t\t\t\t<div class=\"elementor-widget-container\">\n\t\t\t\t\t\t\t\t\t\t\t\t\t\t\t<img loading=\"lazy\" decoding=\"async\" width=\"150\" height=\"149\" src=\"http:\/\/serviagroguatemala.com\/wp-content\/uploads\/2025\/06\/lg-agrohao2.jpg\" class=\"attachment-large size-large wp-image-481\" alt=\"agrohao\" \/>\t\t\t\t\t\t\t\t\t\t\t\t\t\t\t<\/div>\n\t\t\t\t<\/div>\n\t\t\t\t<\/div>\n\t\t\t\t\t<\/div>\n\t\t\t\t<\/div>\n\t\t<div class=\"has_eae_slider elementor-element elementor-element-bb3a391 e-flex e-con-boxed e-con e-parent\" data-eae-slider=\"55045\" data-id=\"bb3a391\" data-element_type=\"container\" data-settings=\"{&quot;background_background&quot;:&quot;classic&quot;}\">\n\t\t\t\t\t<div class=\"e-con-inner\">\n\t\t\t\t<div class=\"elementor-element elementor-element-8c3cccc elementor-widget elementor-widget-text-editor\" data-id=\"8c3cccc\" data-element_type=\"widget\" data-widget_type=\"text-editor.default\">\n\t\t\t\t<div class=\"elementor-widget-container\">\n\t\t\t\t\t\t\t\t\t<p>\u00a9 Copyright 2024 \u2013 www.serviagroguatemala.com \u2013 All Rights Reserved<\/p>\t\t\t\t\t\t\t\t<\/div>\n\t\t\t\t<\/div>\n\t\t\t\t\t<\/div>\n\t\t\t\t<\/div>\n\t\t\t\t<\/div>\n\t\t","protected":false},"excerpt":{"rendered":"<p>Menu Close Inicio Nosotros Cat\u00e1logo Galer\u00eda Contacto Inicio Nosotros Cat\u00e1logo Galer\u00eda Contacto Serviagro, es una empresa Guatemalteca con 25 a\u00f1os dedicados a la comercializaci\u00f3n de productos de calidad y con representaciones de marcas reconocidas como: LAQUINSA Costa Rica, GROW MORE Estados Unidos, Daltex Estados Unidos, INTRAKAM M\u00e9xico, AMERICAN VANGUARD Estados Unidos, entre otras. Dedicamos todos [&hellip;]<\/p>\n","protected":false},"author":1,"featured_media":0,"parent":0,"menu_order":0,"comment_status":"closed","ping_status":"closed","template":"elementor_canvas","meta":{"footnotes":"","_links_to":"","_links_to_target":""},"class_list":["post-392","page","type-page","status-publish","hentry"],"_links":{"self":[{"href":"http:\/\/serviagroguatemala.com\/index.php?rest_route=\/wp\/v2\/pages\/392","targetHints":{"allow":["GET"]}}],"collection":[{"href":"http:\/\/serviagroguatemala.com\/index.php?rest_route=\/wp\/v2\/pages"}],"about":[{"href":"http:\/\/serviagroguatemala.com\/index.php?rest_route=\/wp\/v2\/types\/page"}],"author":[{"embeddable":true,"href":"http:\/\/serviagroguatemala.com\/index.php?rest_route=\/wp\/v2\/users\/1"}],"replies":[{"embeddable":true,"href":"http:\/\/serviagroguatemala.com\/index.php?rest_route=%2Fwp%2Fv2%2Fcomments&post=392"}],"version-history":[{"count":64,"href":"http:\/\/serviagroguatemala.com\/index.php?rest_route=\/wp\/v2\/pages\/392\/revisions"}],"predecessor-version":[{"id":835,"href":"http:\/\/serviagroguatemala.com\/index.php?rest_route=\/wp\/v2\/pages\/392\/revisions\/835"}],"wp:attachment":[{"href":"http:\/\/serviagroguatemala.com\/index.php?rest_route=%2Fwp%2Fv2%2Fmedia&parent=392"}],"curies":[{"name":"wp","href":"https:\/\/api.w.org\/{rel}","templated":true}]}}